{"id":356,"date":"2023-05-09T16:26:33","date_gmt":"2023-05-09T16:26:33","guid":{"rendered":"https:\/\/socialnorms.msichoices.org\/a-propos-du-centre-de-ressources\/"},"modified":"2024-09-03T14:00:48","modified_gmt":"2024-09-03T14:00:48","slug":"a-propos-du-centre-de-ressources","status":"publish","type":"page","link":"https:\/\/socialnorms.msichoices.org\/fr\/a-propos-du-centre-de-ressources\/","title":{"rendered":"\u00c0 propos du Centre de ressources"},"content":{"rendered":"\n<div class=\"wp-block-group is-layout-constrained wp-block-group-is-layout-constrained\">\n<div class=\"wp-block-columns is-layout-flex wp-container-core-columns-is-layout-9d6595d7 wp-block-columns-is-layout-flex\">\n<div class=\"wp-block-column is-layout-flow wp-block-column-is-layout-flow\">\n<div class=\"content-block center \" style=\"border: 4px solid #e0c8c8;\">\n    <div class=\"wrap\">\n                    <h2>\u00c0 propos du Centre de ressources<\/h2>\n                <div class=\"block-content col1\">\n                            <div class=\"content-wrap\">\n                    <p>Ce Centre de ressources r\u00e9unit les principaux outils et prescriptions destin\u00e9s \u00e0 permettre aux programmes nationaux de renforcer leur programmation des normes sociales. \u00c9clair\u00e9 par des \u00e9changes avec les \u00e9quipes nationales, l&#8217;objectif de ce Centre est de \u00ab d\u00e9mystifier \u00bb les normes sociales et de proposer des conseils pratiques pour int\u00e9grer les messages sur les normes sociales \u00e0 vos activit\u00e9s.<\/p>\n                <\/div>\n                    <\/div>\n            <\/div>\n<\/div>\n\n\n<div class=\"content-block center no-bg-colour\" style=\"\">\n    <div class=\"wrap\">\n                <div class=\"block-content col1\">\n                            <div class=\"content-wrap\">\n                    <p><b><i>Que vous apporte ce Centre de ressources ?<\/i><\/b><\/p>\n<p>Les prescriptions fournies dans ce Centre ont \u00e9t\u00e9 \u00e9labor\u00e9es pour les programmes nationaux et en concertation avec ces derniers.<\/p>\n                <\/div>\n                    <\/div>\n            <\/div>\n<\/div>\n\n\n<div class=\"wp-block-wpdatatables-wpdatatables-gutenberg-block\">\n<div class=\"wpdt-c row wpDataTableContainerSimpleTable wpDataTables wpDataTablesWrapper\n\"\n    >\n        <table id=\"wpdtSimpleTable-15\"\n           style=\"border-collapse:collapse;\n                   border-spacing:0px;\"\n           class=\"wpdtSimpleTable wpDataTable\"\n           data-column=\"2\"\n           data-rows=\"6\"\n           data-wpID=\"15\"\n           data-responsive=\"1\"\n           data-has-header=\"1\">\n\n                    <thead>        <tr class=\"wpdt-cell-row \" >\n                                <th class=\"wpdt-cell wpdt-align-left\"\n                                            data-cell-id=\"A1\"\n                    data-col-index=\"0\"\n                    data-row-index=\"0\"\n                    style=\" width:38.0952380952%;                    padding:10px;\n                    \"\n                    >\n                                        Vos probl\u00e9matiques                    <\/th>\n                                                <th class=\"wpdt-cell wpdt-align-left\"\n                                            data-cell-id=\"B1\"\n                    data-col-index=\"1\"\n                    data-row-index=\"0\"\n                    style=\" width:61.9047619048%;                    padding:10px;\n                    \"\n                    >\n                                        Nos actions                    <\/th>\n                                        <\/tr>\n                    <tbody>        <tr class=\"wpdt-cell-row \" >\n                                <td class=\"wpdt-cell wpdt-align-left\"\n                                            data-cell-id=\"A2\"\n                    data-col-index=\"0\"\n                    data-row-index=\"1\"\n                    style=\"                    padding:10px;\n                    \"\n                    >\n                                        Il est difficile de d\u00e9terminer si une barri\u00e8re est une norme sociale ou non.                    <\/td>\n                                                <td class=\"wpdt-cell wpdt-align-left\"\n                                            data-cell-id=\"B2\"\n                    data-col-index=\"1\"\n                    data-row-index=\"1\"\n                    style=\"                    padding:10px;\n                    \"\n                    >\n                                        Il peut \u00eatre facile de confondre normes sociales et mythes\/normes religieuses, et cette distinction est capitale. Chacune de ces \u00ab cat\u00e9gories d'influence \u00bb requiert une strat\u00e9gie d'intervention diff\u00e9rente. Ainsi, ce Centre a mis au point un arbre logique \u00ab Norme ou pas norme \u00bb, que vous trouverez ici (lien).                    <\/td>\n                                        <\/tr>\n                            <tr class=\"wpdt-cell-row \" >\n                                <td class=\"wpdt-cell wpdt-align-left\"\n                                            data-cell-id=\"A3\"\n                    data-col-index=\"0\"\n                    data-row-index=\"2\"\n                    style=\"                    padding:10px;\n                    \"\n                    >\n                                        Je n'ai aucun budget pour monter un gros projet sur les normes sociales.                    <\/td>\n                                                <td class=\"wpdt-cell wpdt-align-left\"\n                                            data-cell-id=\"B3\"\n                    data-col-index=\"1\"\n                    data-row-index=\"2\"\n                    style=\"                    padding:10px;\n                    \"\n                    >\n                                        Un travail sur les normes sociales ne doit pas n\u00e9cessairement se faire dans le cadre d'un gros projet phare. Les conseils de programmation fournis dans ce Centre s'appliquent \u00e9galement \u00e0 des actions de mobilisation plus quotidiennes : comment peut-on int\u00e9grer des messages sur les normes sociales aux contextes o\u00f9 nous avons l'opportunit\u00e9 de faire \u00e9voluer les perceptions ?                    <\/td>\n                                        <\/tr>\n                            <tr class=\"wpdt-cell-row \" >\n                                <td class=\"wpdt-cell wpdt-align-left\"\n                                            data-cell-id=\"A4\"\n                    data-col-index=\"0\"\n                    data-row-index=\"3\"\n                    style=\"                    padding:10px;\n                    \"\n                    >\n                                        Dans mon contexte, les normes sociales sont complexes et varient selon les communaut\u00e9s.                    <\/td>\n                                                <td class=\"wpdt-cell wpdt-align-left\"\n                                            data-cell-id=\"B4\"\n                    data-col-index=\"1\"\n                    data-row-index=\"3\"\n                    style=\"                    padding:10px;\n                    \"\n                    >\n                                        Le Centre va vous aider \u00e0 mieux comprendre les normes qui influent sur les comportements dans les communaut\u00e9s o\u00f9 nous intervenons en proposant des outils et des conseils pratiques pour recueillir des informations. Tout cela vous aidera \u00e0 distinguer les normes les plus influentes et \u00e0 savoir comment les aborder.                    <\/td>\n                                        <\/tr>\n                            <tr class=\"wpdt-cell-row \" >\n                                <td class=\"wpdt-cell wpdt-align-left\"\n                                            data-cell-id=\"A5\"\n                    data-col-index=\"0\"\n                    data-row-index=\"4\"\n                    style=\"                    padding:10px;\n                    \"\n                    >\n                                        Les donateurs nous demandent de faire \u00e9voluer les normes sociales, mais je ne suis pas s\u00fbr(e) de comprendre ce que cela veut dire, concr\u00e8tement.                    <\/td>\n                                                <td class=\"wpdt-cell wpdt-align-left\"\n                                            data-cell-id=\"B5\"\n                    data-col-index=\"1\"\n                    data-row-index=\"4\"\n                    style=\"                    padding:10px;\n                    \"\n                    >\n                                        Le Centre propose un r\u00e9pertoire recensant les diff\u00e9rentes strat\u00e9gies cl\u00e9s envisageables pour aborder les normes sociales (\u00e9liminer ; exploiter ; changer, contrer et compl\u00e9ter), illustr\u00e9es par des exemples r\u00e9els de diff\u00e9rents contextes pour vous inspirer.                    <\/td>\n                                        <\/tr>\n                            <tr class=\"wpdt-cell-row \" >\n                                <td class=\"wpdt-cell wpdt-align-left\"\n                                            data-cell-id=\"A6\"\n                    data-col-index=\"0\"\n                    data-row-index=\"5\"\n                    style=\"                    padding:10px;\n                    \"\n                    >\n                                        Je sais que les normes sociales sont importantes, mais je ne sais pas comment mesurer leur impact au-del\u00e0 des chiffres des services.                    <\/td>\n                                                <td class=\"wpdt-cell wpdt-align-left\"\n                                            data-cell-id=\"B6\"\n                    data-col-index=\"1\"\n                    data-row-index=\"5\"\n                    style=\"                    padding:10px;\n                    \"\n                    >\n                                        Aborder les normes sociales est un \u00e9l\u00e9ment cl\u00e9 pour cr\u00e9er un environnement plus favorable \u00e0 la mission de MSI. L'impact de ce travail d\u00e9passe de loin le CAP, et il se peut que vous deviez privil\u00e9gier des objectifs \u00e0 long terme au d\u00e9triment de victoires \u00e0 court terme. C'est ainsi que vous cr\u00e9erez une demande v\u00e9ritablement durable ! Pour plus d'informations, reportez-vous \u00e0 la partie sur l'\u00e9valuation de l'impact sur les normes sociales.                    <\/td>\n                                        <\/tr>\n                    <\/table>\n<\/div><style id='wpdt-custom-style-15'>\n<\/style>\n<\/div>\n<\/div>\n<\/div>\n<\/div>\n","protected":false},"excerpt":{"rendered":"","protected":false},"author":1,"featured_media":0,"parent":0,"menu_order":0,"comment_status":"closed","ping_status":"closed","template":"","meta":{"_acf_changed":false,"_editorskit_title_hidden":false,"_editorskit_reading_time":0,"_editorskit_is_block_options_detached":false,"_editorskit_block_options_position":"{}","footnotes":""},"class_list":["post-356","page","type-page","status-publish","hentry"],"acf":[],"featured_image_src":null,"featured_image_src_square":null,"_links":{"self":[{"href":"https:\/\/socialnorms.msichoices.org\/fr\/wp-json\/wp\/v2\/pages\/356","targetHints":{"allow":["GET"]}}],"collection":[{"href":"https:\/\/socialnorms.msichoices.org\/fr\/wp-json\/wp\/v2\/pages"}],"about":[{"href":"https:\/\/socialnorms.msichoices.org\/fr\/wp-json\/wp\/v2\/types\/page"}],"author":[{"embeddable":true,"href":"https:\/\/socialnorms.msichoices.org\/fr\/wp-json\/wp\/v2\/users\/1"}],"replies":[{"embeddable":true,"href":"https:\/\/socialnorms.msichoices.org\/fr\/wp-json\/wp\/v2\/comments?post=356"}],"version-history":[{"count":0,"href":"https:\/\/socialnorms.msichoices.org\/fr\/wp-json\/wp\/v2\/pages\/356\/revisions"}],"wp:attachment":[{"href":"https:\/\/socialnorms.msichoices.org\/fr\/wp-json\/wp\/v2\/media?parent=356"}],"curies":[{"name":"wp","href":"https:\/\/api.w.org\/{rel}","templated":true}]}}