{"id":383,"date":"2023-05-09T16:25:44","date_gmt":"2023-05-09T16:25:44","guid":{"rendered":"https:\/\/socialnorms.msichoices.org\/principaux-conseils-pour-la-programmation-des-normes-sociales\/"},"modified":"2023-05-24T20:57:28","modified_gmt":"2023-05-24T20:57:28","slug":"conseils-phares-pour-la-programmation-de-normes-sociales","status":"publish","type":"page","link":"https:\/\/socialnorms.msichoices.org\/fr\/conseils-phares-pour-la-programmation-de-normes-sociales\/","title":{"rendered":"Conseils phares pour la programmation de normes sociales"},"content":{"rendered":"\n<div class=\"wp-block-group is-layout-constrained wp-block-group-is-layout-constrained\">\n<div class=\"wp-block-columns is-layout-flex wp-container-core-columns-is-layout-9d6595d7 wp-block-columns-is-layout-flex\">\n<div class=\"wp-block-column is-layout-flow wp-block-column-is-layout-flow\">\n<div class=\"simple-content-block center\" style=\"border: 4px solid #e0c8c8; padding: 50px; border-radius: 30px; max-width: unset\">\n            <h2>Conseils phares pour la programmation de normes sociales<\/h2>\n    <\/div><\/div>\n<\/div>\n\n\n\n<div class=\"wp-block-columns is-layout-flex wp-container-core-columns-is-layout-9d6595d7 wp-block-columns-is-layout-flex\">\n<div class=\"wp-block-column is-layout-flow wp-block-column-is-layout-flow\">    <div class=\"cta-block center\" style=\"background-color: #becfcf; background-image: url(295)\">\n        <a class=\"wrap open-popup\">\n            <h3>Conseil : Mod\u00e9lisez le comportement escompt\u00e9<\/h3>\n        <\/a>\n        <div class=\"popup cta-popup\">\n            <div class=\"popup-overlay\"><\/div>\n            <div class=\"popup-content\">\n                <div class=\"popup-closer\">\n                    <span><\/span>\n                    <span><\/span>\n                <\/div>\n                <p><strong>Create or reinforce positive social norms by modelling desired behaviour(s)<\/strong>. Using role models is a powerful tool to affect social norms. Amplify positive role models through\u2026<\/p>\n<ul>\n<li>mass and\/or digital media<\/li>\n<li>engaging role models in reflective dialogues and other community events<\/li>\n<li>testimonies or other storytelling approaches<\/li>\n<li>involving service providers\/mobilisers to provide a platform<\/li>\n<\/ul>\n<p>This offers \u201cproof\u201d that the desired behaviour is desirable, possible, and shows its benefits. The perception that other people, particularly others like them, are doing the same thing and\/or approve of it, can increase positive norms and self-efficacy.<\/p>\n            <\/div>\n        <\/div>\n    <\/div>\n<\/div>\n\n\n\n<div class=\"wp-block-column is-layout-flow wp-block-column-is-layout-flow\">    <div class=\"cta-block center\" style=\"background-color: #deddd1; background-image: url(295)\">\n        <a class=\"wrap open-popup\">\n            <h3>Conseil : Liste de crit\u00e8res \u00e0 remplir pour les messages \u00e0 faire passer<\/h3>\n        <\/a>\n        <div class=\"popup cta-popup\">\n            <div class=\"popup-overlay\"><\/div>\n            <div class=\"popup-content\">\n                <div class=\"popup-closer\">\n                    <span><\/span>\n                    <span><\/span>\n                <\/div>\n                <h2>Remove &#8211; included above<\/h2>\n<ul>\n<li aria-level=\"1\">Ne dites pas aux gens quoi penser du comportement dangereux \u2013 encouragez la r\u00e9flexion personnelle et autonome.<\/li>\n<li aria-level=\"1\">\u00c9vitez de renforcer les \u00e9ventuels st\u00e9r\u00e9otypes associ\u00e9s au comportement vis\u00e9.<\/li>\n<li aria-level=\"1\">R\u00e9f\u00e9rez-vous \u00e0 des situations pertinentes \u00e0 l&#8217;\u00e9chelle locale : parrains, vignettes, exemples d&#8217;exp\u00e9riences r\u00e9elles dans la communaut\u00e9&#8230;<\/li>\n<li aria-level=\"1\">Encouragez le public \u00e0 r\u00e9fl\u00e9chir \u00e0 d&#8217;autres points de vue pour promouvoir une implication critique.<\/li>\n<li aria-level=\"1\">\u00c9vitez d&#8217;employer des termes techniques et tenez compte des diff\u00e9rents niveaux d&#8217;alphab\u00e9tisation\/d&#8217;\u00e9ducation ainsi que de l&#8217;accessibilit\u00e9<\/li>\n<\/ul>\n            <\/div>\n        <\/div>\n    <\/div>\n<\/div>\n<\/div>\n\n\n\n<div class=\"wp-block-columns is-layout-flex wp-container-core-columns-is-layout-9d6595d7 wp-block-columns-is-layout-flex\">\n<div class=\"wp-block-column is-layout-flow wp-block-column-is-layout-flow\">    <div class=\"cta-block center\" style=\"background-color: #f9f8eb; background-image: url(295)\">\n        <a class=\"wrap open-popup\">\n            <h3>Conseil : Pour un \u00e9change inclusif<\/h3>\n        <\/a>\n        <div class=\"popup cta-popup\">\n            <div class=\"popup-overlay\"><\/div>\n            <div class=\"popup-content\">\n                <div class=\"popup-closer\">\n                    <span><\/span>\n                    <span><\/span>\n                <\/div>\n                <h2>Remove &#8211; included above<\/h2>\n<p>\u00c0 terme, l&#8217;objectif est de faire \u00e9voluer les normes \u00e0 l&#8217;\u00e9chelle du groupe. Pour ce faire, cherchez \u00e0 ce que s&#8217;op\u00e8re un changement dans toute la communaut\u00e9 afin que les nouveaux comportements puissent \u00eatre commun\u00e9ment accept\u00e9s. Tenez compte des \u00e9l\u00e9ments suivants lorsque vous mettez sur pied vos interventions d&#8217;engagement de la communaut\u00e9 : Remove &#8211; included above Remove &#8211; included above<\/p>\n<ul>\n<li aria-level=\"1\">Les individus et les groupes de la communaut\u00e9 doivent pouvoir s&#8217;approprier le processus, et \u00e0 terme, sa r\u00e9ussite \u2013 c&#8217;est \u00e9galement un facteur cl\u00e9 pour assurer la durabilit\u00e9 du r\u00e9sultat. R\u00e9fl\u00e9chissez aux personnes qui parlent d\u00e9j\u00e0 des sujets sur lesquels vous voulez travailler \u2013 serait-il possible de les former ou de mettre au point un syst\u00e8me d&#8217;orientation vers ces personnes ? (cf. l&#8217;exemple de MSION Gagarabadau). Remove &#8211; included above Remove &#8211; included above<\/li>\n<li aria-level=\"1\">Mettez en balance les enseignements issus de l&#8217;ext\u00e9rieur (ex. : mobilisateur MSI qui organise les sessions) et les \u00e9changes provenant de la communaut\u00e9 elle-m\u00eame (ex. : personne d&#8217;influence racontant un exemple positif).<\/li>\n<li aria-level=\"1\">Les in\u00e9galit\u00e9s entre les sexes et les autres dynamiques de pouvoir (ex. : \u00e2ge) jouent un r\u00f4le important dans la sph\u00e8re des normes sociales. Veillez \u00e0 donner la parole aux personnes dont les voix sont souvent n\u00e9glig\u00e9es ou \u00e9cart\u00e9es : femmes, personnes handicap\u00e9es, groupes marginalis\u00e9s, adolescents&#8230; Remove &#8211; included above<\/li>\n<li aria-level=\"1\">Identifiez les \u00e9l\u00e9ments de la communaut\u00e9 capables de changer la donne pour booster ou prendre les r\u00eanes du processus. Ces \u00ab d\u00e9viants positifs \u00bb pourraient devenir des lanceurs de mode et des mod\u00e8les de r\u00e9f\u00e9rence. Remove &#8211; included above<\/li>\n<\/ul>\n            <\/div>\n        <\/div>\n    <\/div>\n<\/div>\n\n\n\n<div class=\"wp-block-column is-layout-flow wp-block-column-is-layout-flow\">    <div class=\"cta-block center\" style=\"background-color: #b1d3ca; background-image: url(295)\">\n        <a class=\"wrap open-popup\">\n            <h3>Conseil : Exploiter les m\u00e9dias grand public<\/h3>\n        <\/a>\n        <div class=\"popup cta-popup\">\n            <div class=\"popup-overlay\"><\/div>\n            <div class=\"popup-content\">\n                <div class=\"popup-closer\">\n                    <span><\/span>\n                    <span><\/span>\n                <\/div>\n                <h2>Remove &#8211; included above<\/h2>\n<p>Dans nos contextes, les interventions se font g\u00e9n\u00e9ralement \u00e0 l&#8217;\u00e9chelle de la communaut\u00e9 et sont ax\u00e9es sur la communication interpersonnelle. Or, on peut \u00e9galement passer par des m\u00e9dias dits \u00ab grand public \u00bb ou \u00ab de masse \u00bb, comme des \u00e9missions de radio ou m\u00eame des publicit\u00e9s t\u00e9l\u00e9vis\u00e9es, des annonces d&#8217;emploi ou des affiches. Souvent, ces supports visent essentiellement \u00e0 corriger des informations erron\u00e9es ou \u00e0 dissiper des mythes. N\u00e9anmoins, dans la majeure partie des cas, les normes ne reposent pas sur ce type de perceptions erron\u00e9es, et une campagne de communication ne suffit pas \u00e0 elle seule \u00e0 les faire \u00e9voluer. Remove &#8211; included above Remove &#8211; included above Remove &#8211; included above<\/p>\n<p>Si vos supports sont soigneusement con\u00e7us, ils peuvent vous permettre de renforcer les messages que vous travaillez \u00e0 diffuser par d&#8217;autres biais. Les consid\u00e9rations suivantes peuvent vous y aider : Remove &#8211; included above<\/p>\n<ul>\n<li aria-level=\"1\">Brisez le silence : l&#8217;exposition \u00e0 la nouveaut\u00e9 peut favoriser le changement. Vous pouvez passer par des m\u00e9dias pour mettre en avant des mod\u00e8les de r\u00e9f\u00e9rence ou les b\u00e9n\u00e9fices ressentis par les d\u00e9viants positifs, ou pour montrer que la norme n&#8217;est pas syst\u00e9matique en citant des personnes respect\u00e9es et populaires qui n&#8217;approuvent pas la pratique dangereuse en question. Remove &#8211; included above<\/li>\n<li aria-level=\"1\">Exploitez le pouvoir de l&#8217;\u00e9ducation par le jeu en tentant d&#8217;apprendre quelque chose aux gens par le biais du divertissement. Par exemple, au Ghana, l&#8217;\u00e9mission ATOUA TV informe les spectateurs sur les dangers du recours \u00e0 l&#8217;avortement clandestin en racontant des histoires. Avec un budget moins important, les jeux mis en place dans le cadre de nombreux exemples rel\u00e8vent aussi de l&#8217;\u00e9ducation par le jeu. Remove &#8211; included above Remove &#8211; Included above<\/li>\n<li aria-level=\"1\">Amorcez les discussions \u00e0 l&#8217;\u00e9chelle locale : pensez \u00e0 faire passer un \u00ab appel \u00e0 agir \u00bb.<\/li>\n<\/ul>\n<p>Jetez un \u0153il \u00e0 ce guide pour vous aider dans ce processus : <a href=\"https:\/\/thecompassforsbc.org\/how-to-guide\/how-develop-sbcc-creative-materials\" target=\"_blank\" rel=\"noopener\">https:\/\/thecompassforsbc.org\/how-to-guide\/how-develop-sbcc-creative-materials<\/a><\/p>\n            <\/div>\n        <\/div>\n    <\/div>\n<\/div>\n<\/div>\n\n\n\n<div class=\"wp-block-columns is-layout-flex wp-container-core-columns-is-layout-9d6595d7 wp-block-columns-is-layout-flex\">\n<div class=\"wp-block-column is-layout-flow wp-block-column-is-layout-flow\">    <div class=\"cta-block center\" style=\"background-color: #e4d3c2; background-image: url(295)\">\n        <a class=\"wrap open-popup\">\n            <h3>Conseil : Pour approcher les adolescents<\/h3>\n        <\/a>\n        <div class=\"popup cta-popup\">\n            <div class=\"popup-overlay\"><\/div>\n            <div class=\"popup-content\">\n                <div class=\"popup-closer\">\n                    <span><\/span>\n                    <span><\/span>\n                <\/div>\n                <h2>Remove &#8211; included above<\/h2>\n<p>Mobiliser et \u00e9manciper les adolescents par le biais d&#8217;activit\u00e9s sp\u00e9cifiques est \u00e9galement essentiel pour faire \u00e9voluer les normes sociales. Les adolescents se trouvent entre deux phases de leur vie et sont encore en train d&#8217;apprendre \u00e0 se conna\u00eetre. Ils \u00e9voluent peut-\u00eatre davantage en groupe que tout autre tron\u00e7on g\u00e9n\u00e9rationnel. L&#8217;identit\u00e9 sociale, les influences et les pressions exerc\u00e9es par leurs pairs conditionnent fortement leur vie et contribuent \u00e0 fa\u00e7onner les futurs adultes qu&#8217;ils deviendront. Il est important de consid\u00e9rer les adolescents comme un groupe particulier de participants et de chercher \u00e0 les faire participer \u00e0 chaque phase et chaque aspect de votre programme. Remove &#8211; included above Remove &#8211; included above Remove &#8211; included above Remove &#8211; included above<\/p>\n            <\/div>\n        <\/div>\n    <\/div>\n<\/div>\n\n\n\n<div class=\"wp-block-column is-layout-flow wp-block-column-is-layout-flow\">    <div class=\"cta-block center\" style=\"background-color: #e0c8c8; background-image: url(295)\">\n        <a class=\"wrap open-popup\">\n            <h3>Conseil : Mobiliser les hommes et les gar\u00e7ons<\/h3>\n        <\/a>\n        <div class=\"popup cta-popup\">\n            <div class=\"popup-overlay\"><\/div>\n            <div class=\"popup-content\">\n                <div class=\"popup-closer\">\n                    <span><\/span>\n                    <span><\/span>\n                <\/div>\n                <h2>Tip: engaging men and boys<\/h2>\n<p>Have a look at the evidence brief <a href=\"https:\/\/www.fphighimpactpractices.org\/guides\/engaging-men-and-boys-in-family-planning\/\">here<\/a>. Or reach out to your GESI advisor!<\/p>\n            <\/div>\n        <\/div>\n    <\/div>\n<\/div>\n<\/div>\n\n\n\n<div class=\"wp-block-columns is-layout-flex wp-container-core-columns-is-layout-9d6595d7 wp-block-columns-is-layout-flex\">\n<div class=\"wp-block-column is-layout-flow wp-block-column-is-layout-flow\">    <div class=\"cta-block center\" style=\"background-color: #deddd1; background-image: url(295)\">\n        <a class=\"wrap open-popup\">\n            <h3>Conseil : Savoir reconna\u00eetre les biais de sa propre \u00e9quipe<\/h3>\n        <\/a>\n        <div class=\"popup cta-popup\">\n            <div class=\"popup-overlay\"><\/div>\n            <div class=\"popup-content\">\n                <div class=\"popup-closer\">\n                    <span><\/span>\n                    <span><\/span>\n                <\/div>\n                <h2>Remove &#8211; included above<\/h2>\n<p>Les \u00e9quipes sont elles aussi membres d&#8217;une communaut\u00e9, et sont donc elles aussi touch\u00e9es par des normes sociales r\u00e9pandues. Les normes sociales n\u00e9gatives pesant sur les \u00e9quipes, et notamment les prestataires, peuvent \u00e9galement entraver notre travail. Les ateliers de Clarification des valeurs et transformation des attitudes (VCAT) sont une bonne occasion pour pousser le personnel MSI, les prestataires, les mobilisateurs et les partenaires \u00e0 r\u00e9fl\u00e9chir \u00e0 leurs valeurs, leurs attitudes et leurs comportements par rapport \u00e0 notre travail dans le domaine de la sant\u00e9 sexuelle et reproductive et des droits associ\u00e9s. La VCAT sert \u00e0 aborder les questions li\u00e9es \u00e0 l&#8217;avortement, aux soins post-avortement et \u00e0 la contraception \u2013 ainsi que les services assur\u00e9s aupr\u00e8s de diff\u00e9rents groupes de patientes, comme les adolescentes et les patientes pr\u00e9sentant un handicap. Cliquez ici pour acc\u00e9der \u00e0 toutes les ressources VCAT. Remove &#8211; included above Remove &#8211; included above Remove &#8211; included above Remove &#8211; included a<a href=\"https:\/\/mariestopes.sharepoint.com\/VCAT\/Pages\/default.aspx\" target=\"_blank\" rel=\"noopener\">bove<\/a><\/p>\n            <\/div>\n        <\/div>\n    <\/div>\n<\/div>\n\n\n\n<div class=\"wp-block-column is-layout-flow wp-block-column-is-layout-flow\">    <div class=\"cta-block center\" style=\"background-color: #f9f8eb; background-image: url(295)\">\n        <a class=\"wrap open-popup\">\n            <h3>Conseil : R\u00e9fl\u00e9chir au r\u00f4le des prestataires<\/h3>\n        <\/a>\n        <div class=\"popup cta-popup\">\n            <div class=\"popup-overlay\"><\/div>\n            <div class=\"popup-content\">\n                <div class=\"popup-closer\">\n                    <span><\/span>\n                    <span><\/span>\n                <\/div>\n                <h2><b>Tip: considering providers<\/b><\/h2>\n<p>Providers can be strong reference groups too. Make sure you engage them in this kind of work, as they are the ones offering the final experience to clients! \u00a0Consider organising VCATs &#8211; You can find all VCAT resources <a href=\"https:\/\/mariestopes.sharepoint.com\/VCAT\/Pages\/default.aspx\">here<\/a><\/p>\n            <\/div>\n        <\/div>\n    <\/div>\n<\/div>\n<\/div>\n\n\n\n<div class=\"wp-block-columns is-layout-flex wp-container-core-columns-is-layout-9d6595d7 wp-block-columns-is-layout-flex\">\n<div class=\"wp-block-column is-layout-flow wp-block-column-is-layout-flow\">    <div class=\"cta-block center\" style=\"background-color: #b1d3ca; background-image: url(295)\">\n        <a class=\"wrap open-popup\">\n            <h3>Conseil : Exploiter des opportunit\u00e9s existantes<\/h3>\n        <\/a>\n        <div class=\"popup cta-popup\">\n            <div class=\"popup-overlay\"><\/div>\n            <div class=\"popup-content\">\n                <div class=\"popup-closer\">\n                    <span><\/span>\n                    <span><\/span>\n                <\/div>\n                <h2>Remove &#8211; included above<\/h2>\n<p>Voici quelques exemples montrant comment on peut rendre une \u00ab simple \u00bb session DG plus normative (parler \u00e9galement des exemples de spots radio) : en bref, un nouveau budget n&#8217;est pas n\u00e9cessaire, etc.<\/p>\n            <\/div>\n        <\/div>\n    <\/div>\n<\/div>\n\n\n\n<div class=\"wp-block-column is-layout-flow wp-block-column-is-layout-flow\">    <div class=\"cta-block center\" style=\"background-color: #becfcf; background-image: url(295)\">\n        <a class=\"wrap open-popup\">\n            <h3>Conseil : Diffusion sur les r\u00e9seaux sociaux<\/h3>\n        <\/a>\n        <div class=\"popup cta-popup\">\n            <div class=\"popup-overlay\"><\/div>\n            <div class=\"popup-content\">\n                <div class=\"popup-closer\">\n                    <span><\/span>\n                    <span><\/span>\n                <\/div>\n                <h2>Remove &#8211; included above<\/h2>\n<p>Lorsque vous avez identifi\u00e9 les membres d&#8217;influence\/groupes de r\u00e9f\u00e9rence de la communaut\u00e9, vous pouvez tirer parti de leur influence via une approche de diffusion sur les r\u00e9seaux sociaux. L&#8217;id\u00e9e serait de travailler avec des acteurs des r\u00e9seaux influents et connect\u00e9s, qui pourraient \u00eatre plus efficaces pour diffuser de nouvelles id\u00e9es et mobiliser le dialogue public que les leaders formels ou les prestataires de sant\u00e9 agissant seuls. Jetez un \u0153il \u00e0 ce guide pratique pour vous inspirer. Remove &#8211; included above Remove &#8211; included <a href=\"https:\/\/www.irh.org\/how-to-guide-for-a-social-network-diffusion-intervention\/\" target=\"_blank\" rel=\"noopener\">above<\/a><\/p>\n            <\/div>\n        <\/div>\n    <\/div>\n<\/div>\n<\/div>\n<\/div>\n","protected":false},"excerpt":{"rendered":"","protected":false},"author":1,"featured_media":0,"parent":0,"menu_order":0,"comment_status":"closed","ping_status":"closed","template":"","meta":{"_acf_changed":false,"_editorskit_title_hidden":false,"_editorskit_reading_time":0,"_editorskit_is_block_options_detached":false,"_editorskit_block_options_position":"{}","footnotes":""},"class_list":["post-383","page","type-page","status-publish","hentry"],"acf":[],"featured_image_src":null,"featured_image_src_square":null,"_links":{"self":[{"href":"https:\/\/socialnorms.msichoices.org\/fr\/wp-json\/wp\/v2\/pages\/383","targetHints":{"allow":["GET"]}}],"collection":[{"href":"https:\/\/socialnorms.msichoices.org\/fr\/wp-json\/wp\/v2\/pages"}],"about":[{"href":"https:\/\/socialnorms.msichoices.org\/fr\/wp-json\/wp\/v2\/types\/page"}],"author":[{"embeddable":true,"href":"https:\/\/socialnorms.msichoices.org\/fr\/wp-json\/wp\/v2\/users\/1"}],"replies":[{"embeddable":true,"href":"https:\/\/socialnorms.msichoices.org\/fr\/wp-json\/wp\/v2\/comments?post=383"}],"version-history":[{"count":0,"href":"https:\/\/socialnorms.msichoices.org\/fr\/wp-json\/wp\/v2\/pages\/383\/revisions"}],"wp:attachment":[{"href":"https:\/\/socialnorms.msichoices.org\/fr\/wp-json\/wp\/v2\/media?parent=383"}],"curies":[{"name":"wp","href":"https:\/\/api.w.org\/{rel}","templated":true}]}}