{"id":384,"date":"2023-05-09T16:25:03","date_gmt":"2023-05-09T16:25:03","guid":{"rendered":"https:\/\/socialnorms.msichoices.org\/bibliotheque-des-normes-sociales\/"},"modified":"2023-05-24T20:55:56","modified_gmt":"2023-05-24T20:55:56","slug":"repertoire-des-normes-sociales","status":"publish","type":"page","link":"https:\/\/socialnorms.msichoices.org\/fr\/repertoire-des-normes-sociales\/","title":{"rendered":"R\u00e9pertoire des normes sociales"},"content":{"rendered":"\n<div class=\"wp-block-group is-layout-constrained wp-block-group-is-layout-constrained\">\n<div class=\"wp-block-columns is-layout-flex wp-container-core-columns-is-layout-9d6595d7 wp-block-columns-is-layout-flex\">\n<div class=\"wp-block-column is-layout-flow wp-block-column-is-layout-flow\">\n<div class=\"ajax-posts-filter\"><input type=\"hidden\" id=\"filter-category\"><input type=\"hidden\" id=\"filter-post_tag\"><h2>Biblioth\u00e8que des normes sociales<\/h2><p>Vous ne trouvez pas l'\u00e9tude de cas que vous recherchez ? Essayez de filtrer par la strat\u00e9gie ou la balise ci-dessous.<\/p><div class=\"categories flex\"><\/div><div class=\"post-tags flex\"><div class=\"filter-link\" data-type=\"post_tag\" data-id=\"29\"><p>Adolescentes<\/p><\/div><div class=\"filter-link\" data-type=\"post_tag\" data-id=\"28\"><p>Belles-m\u00e8res<\/p><\/div><div class=\"filter-link\" data-type=\"post_tag\" data-id=\"23\"><p>Communaut\u00e9<\/p><\/div><div class=\"filter-link\" data-type=\"post_tag\" data-id=\"30\"><p>Exploitation de donn\u00e9es<\/p><\/div><div class=\"filter-link\" data-type=\"post_tag\" data-id=\"26\"><p>Fournisseur<\/p><\/div><div class=\"filter-link\" data-type=\"post_tag\" data-id=\"24\"><p>Implication des hommes<\/p><\/div><div class=\"filter-link\" data-type=\"post_tag\" data-id=\"25\"><p>M\u00e9dias grand public<\/p><\/div><div class=\"filter-link\" data-type=\"post_tag\" data-id=\"32\"><p>R\u00e8gles<\/p><\/div><div class=\"filter-link\" data-type=\"post_tag\" data-id=\"31\"><p>Stigmatisation<\/p><\/div><\/div><div id=\"filtered-posts\"><a class=\"post-item\" href=\"https:\/\/socialnorms.msichoices.org\/fr\/tekponon-jikuagou-des-influenceurs-communautaires-pour-le-changement-de-normes\/\"><div class=\"post-item-image\" style=\"background-image: url(https:\/\/socialnorms.msichoices.org\/wp-content\/uploads\/2023\/04\/Image-PlaceholderFull.png);\"><\/div><h3>T\u00e9kponon Jikuagou : Les personnes d&#8217;influence pour faire \u00e9voluer les normes<\/h3><span class=\"view-more\">Voir l'\u00e9tude de cas<\/span><\/a><a class=\"post-item\" href=\"https:\/\/socialnorms.msichoices.org\/fr\/pragati-sensibilisation-a-la-fertilite-pour-une-qualite-de-vie\/\"><div class=\"post-item-image\" style=\"background-image: url(https:\/\/socialnorms.msichoices.org\/wp-content\/uploads\/2023\/04\/Image-PlaceholderFull.png);\"><\/div><h3>PRAGATI \u2013 Information sur la fertilit\u00e9 pour une meilleure qualit\u00e9 de vie<\/h3><span class=\"view-more\">Voir l'\u00e9tude de cas<\/span><\/a><a class=\"post-item\" href=\"https:\/\/socialnorms.msichoices.org\/fr\/kishor-varta-histoires-audio-pour-interpeller-les-garcons-sur-la-discrimination-fondee-sur-le-sexe\/\"><div class=\"post-item-image\" style=\"background-image: url(https:\/\/socialnorms.msichoices.org\/wp-content\/uploads\/2023\/05\/Kishor-Varta-Audio-stories-to-challenge-boys-on-gender-discrimination.png);\"><\/div><h3>Kishor Varta: histoires audio pour interpeller les gar\u00e7ons sur la discrimination fond\u00e9e sur le sexe<\/h3><span class=\"view-more\">Voir l'\u00e9tude de cas<\/span><\/a><a class=\"post-item\" href=\"https:\/\/socialnorms.msichoices.org\/fr\/la-famille-ideale\/\"><div class=\"post-item-image\" style=\"background-image: url(https:\/\/socialnorms.msichoices.org\/wp-content\/uploads\/2023\/05\/La-Famille-Ideale.png);\"><\/div><h3>MSI Sahel : La Famille Id\u00e9ale<\/h3><span class=\"view-more\">Voir l'\u00e9tude de cas<\/span><\/a><a class=\"post-item\" href=\"https:\/\/socialnorms.msichoices.org\/fr\/jeu-de-parcours-pour-les-leaders-communautaires-pour-accroitre-lacces-des-adolescents-a-la-srh\/\"><div class=\"post-item-image\" style=\"background-image: url(https:\/\/socialnorms.msichoices.org\/wp-content\/uploads\/2023\/04\/Image-PlaceholderFull.png);\"><\/div><h3>Jeu de parcours pour les leaders communautaires pour accro\u00eetre l&#8217;acc\u00e8s des adolescents \u00e0 la SRH<\/h3><span class=\"view-more\">Voir l'\u00e9tude de cas<\/span><\/a><a class=\"post-item\" href=\"https:\/\/socialnorms.msichoices.org\/fr\/garima-susciter-le-dialogue-sur-la-sante-menstruelle\/\"><div class=\"post-item-image\" style=\"background-image: url(https:\/\/socialnorms.msichoices.org\/wp-content\/uploads\/2023\/05\/GARIMA-Sparking-dialogue-on-menstrual-health.png);\"><\/div><h3>GARIMA : Amorcer le dialogue sur la sant\u00e9 menstruelle<\/h3><span class=\"view-more\">Voir l'\u00e9tude de cas<\/span><\/a><a class=\"post-item\" href=\"https:\/\/socialnorms.msichoices.org\/fr\/projet-de-developpement-holistique-des-filles-grands-meres-pour-la-sante-des-adolescentes\/\"><div class=\"post-item-image\" style=\"background-image: url(https:\/\/socialnorms.msichoices.org\/wp-content\/uploads\/2023\/05\/Girls-Holistic-Development-Project-Grandmothers-for-Adolescent-Girl-Health.png);\"><\/div><h3>Projet de d\u00e9veloppement holistique des filles: Grands-m\u00e8res pour la sant\u00e9 des adolescentes<\/h3><span class=\"view-more\">Voir l'\u00e9tude de cas<\/span><\/a><a class=\"post-item\" href=\"https:\/\/socialnorms.msichoices.org\/fr\/confiance-totale-radio-pour-changement-de-norme\/\"><div class=\"post-item-image\" style=\"background-image: url(https:\/\/socialnorms.msichoices.org\/wp-content\/uploads\/2023\/05\/Confiance-Totale-radio-for-norm-change.png);\"><\/div><h3>Confiance Totale : la radio pour changer les normes<\/h3><span class=\"view-more\">Voir l'\u00e9tude de cas<\/span><\/a><\/div><a class=\"btn solid load-more\">Charger plus<\/a><\/div>\n<\/div>\n<\/div>\n<\/div>\n","protected":false},"excerpt":{"rendered":"","protected":false},"author":1,"featured_media":0,"parent":0,"menu_order":0,"comment_status":"closed","ping_status":"closed","template":"","meta":{"_acf_changed":false,"_editorskit_title_hidden":false,"_editorskit_reading_time":0,"_editorskit_is_block_options_detached":false,"_editorskit_block_options_position":"{}","footnotes":""},"class_list":["post-384","page","type-page","status-publish","hentry"],"acf":[],"featured_image_src":null,"featured_image_src_square":null,"_links":{"self":[{"href":"https:\/\/socialnorms.msichoices.org\/fr\/wp-json\/wp\/v2\/pages\/384","targetHints":{"allow":["GET"]}}],"collection":[{"href":"https:\/\/socialnorms.msichoices.org\/fr\/wp-json\/wp\/v2\/pages"}],"about":[{"href":"https:\/\/socialnorms.msichoices.org\/fr\/wp-json\/wp\/v2\/types\/page"}],"author":[{"embeddable":true,"href":"https:\/\/socialnorms.msichoices.org\/fr\/wp-json\/wp\/v2\/users\/1"}],"replies":[{"embeddable":true,"href":"https:\/\/socialnorms.msichoices.org\/fr\/wp-json\/wp\/v2\/comments?post=384"}],"version-history":[{"count":0,"href":"https:\/\/socialnorms.msichoices.org\/fr\/wp-json\/wp\/v2\/pages\/384\/revisions"}],"wp:attachment":[{"href":"https:\/\/socialnorms.msichoices.org\/fr\/wp-json\/wp\/v2\/media?parent=384"}],"curies":[{"name":"wp","href":"https:\/\/api.w.org\/{rel}","templated":true}]}}