{"id":394,"date":"2023-05-09T16:22:29","date_gmt":"2023-05-09T16:22:29","guid":{"rendered":"https:\/\/socialnorms.msichoices.org\/vous-ne-savez-pas-par-ou-commencer\/"},"modified":"2023-05-11T20:02:07","modified_gmt":"2023-05-11T20:02:07","slug":"vous-ne-savez-pas-par-ou-commencer","status":"publish","type":"page","link":"https:\/\/socialnorms.msichoices.org\/fr\/vous-ne-savez-pas-par-ou-commencer\/","title":{"rendered":"Vous ne savez pas par o\u00f9 commencer ?"},"content":{"rendered":"\n<div class=\"wp-block-group section1 is-layout-constrained wp-block-group-is-layout-constrained\">\n<div class=\"wp-block-columns is-layout-flex wp-container-core-columns-is-layout-9d6595d7 wp-block-columns-is-layout-flex\">\n<div class=\"wp-block-column is-layout-flow wp-block-column-is-layout-flow\">\n<div class=\"content-block center \" style=\"background-color: #ffffff;border: 4px solid #e0c8c8;\">\n    <div class=\"wrap\">\n                    <h2>Vous ne savez pas par o\u00f9 commencer ?<\/h2>\n                <div class=\"block-content col1\">\n                            <div class=\"content-wrap\">\n                    <p>Bienvenue au centre de ressources MSI sur les normes sociales ! Vous trouverez ici de nombreux conseils, outils et exemples pour vous aider \u00e0 renforcer votre programmation des normes sociales.<\/p>\n                <\/div>\n                    <\/div>\n            <\/div>\n<\/div><\/div>\n\n\n\n<div class=\"wp-block-column is-layout-flow wp-block-column-is-layout-flow\"><script type=\"text\/javascript\">var gform;gform||(document.addEventListener(\"gform_main_scripts_loaded\",function(){gform.scriptsLoaded=!0}),document.addEventListener(\"gform\/theme\/scripts_loaded\",function(){gform.themeScriptsLoaded=!0}),window.addEventListener(\"DOMContentLoaded\",function(){gform.domLoaded=!0}),gform={domLoaded:!1,scriptsLoaded:!1,themeScriptsLoaded:!1,isFormEditor:()=>\"function\"==typeof InitializeEditor,callIfLoaded:function(o){return!(!gform.domLoaded||!gform.scriptsLoaded||!gform.themeScriptsLoaded&&!gform.isFormEditor()||(gform.isFormEditor()&&console.warn(\"The use of gform.initializeOnLoaded() is deprecated in the form editor context and will be removed in Gravity Forms 3.1.\"),o(),0))},initializeOnLoaded:function(o){gform.callIfLoaded(o)||(document.addEventListener(\"gform_main_scripts_loaded\",()=>{gform.scriptsLoaded=!0,gform.callIfLoaded(o)}),document.addEventListener(\"gform\/theme\/scripts_loaded\",()=>{gform.themeScriptsLoaded=!0,gform.callIfLoaded(o)}),window.addEventListener(\"DOMContentLoaded\",()=>{gform.domLoaded=!0,gform.callIfLoaded(o)}))},hooks:{action:{},filter:{}},addAction:function(o,r,e,t){gform.addHook(\"action\",o,r,e,t)},addFilter:function(o,r,e,t){gform.addHook(\"filter\",o,r,e,t)},doAction:function(o){gform.doHook(\"action\",o,arguments)},applyFilters:function(o){return gform.doHook(\"filter\",o,arguments)},removeAction:function(o,r){gform.removeHook(\"action\",o,r)},removeFilter:function(o,r,e){gform.removeHook(\"filter\",o,r,e)},addHook:function(o,r,e,t,n){null==gform.hooks[o][r]&&(gform.hooks[o][r]=[]);var d=gform.hooks[o][r];null==n&&(n=r+\"_\"+d.length),gform.hooks[o][r].push({tag:n,callable:e,priority:t=null==t?10:t})},doHook:function(r,o,e){var t;if(e=Array.prototype.slice.call(e,1),null!=gform.hooks[r][o]&&((o=gform.hooks[r][o]).sort(function(o,r){return o.priority-r.priority}),o.forEach(function(o){\"function\"!=typeof(t=o.callable)&&(t=window[t]),\"action\"==r?t.apply(null,e):e[0]=t.apply(null,e)})),\"filter\"==r)return e[0]},removeHook:function(o,r,t,n){var e;null!=gform.hooks[o][r]&&(e=(e=gform.hooks[o][r]).filter(function(o,r,e){return!!(null!=n&&n!=o.tag||null!=t&&t!=o.priority)}),gform.hooks[o][r]=e)}});<\/script>\n                <div class='gf_browser_gecko gform_wrapper gravity-theme gform-theme--no-framework' data-form-theme='gravity-theme' data-form-index='0' id='gform_wrapper_2' style='display:none'><div id='gf_2' class='gform_anchor' tabindex='-1'><\/div><form method='post' enctype='multipart\/form-data' target='gform_ajax_frame_2' id='gform_2'  action='\/fr\/wp-json\/wp\/v2\/pages\/394#gf_2' data-formid='2' novalidate>\n                        <div class='gform-body gform_body'><div id='gform_fields_2' class='gform_fields top_label form_sublabel_below description_below validation_below'><div id=\"field_2_1\" class=\"gfield gfield--type-select gfield_contains_required field_sublabel_below gfield--no-description field_description_below field_validation_below gfield_visibility_visible\"  data-js-reload=\"field_2_1\" ><label class='gfield_label gform-field-label' for='input_2_1'>Vous avez&#8230;<span class=\"gfield_required\"><span class=\"gfield_required gfield_required_text\">(N\u00e9cessaire)<\/span><\/span><\/label><div class='ginput_container ginput_container_select'><select name='input_1' id='input_2_1' class='large gfield_select'    aria-required=\"true\" aria-invalid=\"false\" ><option value='' selected='selected' class='gf_placeholder'>S\u00e9lectionner<\/option><option value='Z\u00e9ro exp\u00e9rience en mati\u00e8re de programmation des normes sociales' >Z\u00e9ro exp\u00e9rience en mati\u00e8re de programmation des normes sociales<\/option><option value='Un peu d&#039;exp\u00e9rience en mati\u00e8re de programmation de normes sociales' >Un peu d&#039;exp\u00e9rience en mati\u00e8re de programmation de normes sociales<\/option><option value='Une bonne exp\u00e9rience en mati\u00e8re de programmation de normes sociales' >Une bonne exp\u00e9rience en mati\u00e8re de programmation de normes sociales<\/option><\/select><\/div><\/div><div id=\"field_2_3\" class=\"gfield gfield--type-select gfield--width-full gfield_contains_required field_sublabel_below gfield--no-description field_description_below field_validation_below gfield_visibility_visible\"  data-js-reload=\"field_2_3\" ><label class='gfield_label gform-field-label' for='input_2_3'>Vous voulez&#8230;<span class=\"gfield_required\"><span class=\"gfield_required gfield_required_text\">(N\u00e9cessaire)<\/span><\/span><\/label><div class='ginput_container ginput_container_select'><select name='input_3' id='input_2_3' class='large gfield_select'    aria-required=\"true\" aria-invalid=\"false\" ><option value='' selected='selected' class='gf_placeholder'>S\u00e9lectionner<\/option><option value='Comprendre de quoi il s&#039;agit' >Comprendre de quoi il s&#039;agit<\/option><option value='D\u00e9chiffrer la terminologie' >D\u00e9chiffrer la terminologie<\/option><\/select><\/div><\/div><div id=\"field_2_4\" class=\"gfield gfield--type-select gfield--width-full gfield_contains_required field_sublabel_below gfield--no-description field_description_below field_validation_below gfield_visibility_visible\"  data-js-reload=\"field_2_4\" ><label class='gfield_label gform-field-label' for='input_2_4'>Vous voulez&#8230;<span class=\"gfield_required\"><span class=\"gfield_required gfield_required_text\">(N\u00e9cessaire)<\/span><\/span><\/label><div class='ginput_container ginput_container_select'><select name='input_4' id='input_2_4' class='large gfield_select'    aria-required=\"true\" aria-invalid=\"false\" ><option value='' selected='selected' class='gf_placeholder'>S\u00e9lectionner<\/option><option value='R\u00e9viser les notions th\u00e9oriques' >R\u00e9viser les notions th\u00e9oriques<\/option><option value='Pr\u00e9senter le travail de MSI sur les normes sociales en externe' >Pr\u00e9senter le travail de MSI sur les normes sociales en externe<\/option><option value='Mettre sur pied une nouvelle activit\u00e9 sur les normes sociales' >Mettre sur pied une nouvelle activit\u00e9 sur les normes sociales<\/option><option value='Trouver des opportunit\u00e9s d&#039;int\u00e9grer le travail sur les normes sociales \u00e0 vos activit\u00e9s en cours' >Trouver des opportunit\u00e9s d&#039;int\u00e9grer le travail sur les normes sociales \u00e0 vos activit\u00e9s en cours<\/option><\/select><\/div><\/div><div id=\"field_2_5\" class=\"gfield gfield--type-select gfield--width-full gfield_contains_required field_sublabel_below gfield--no-description field_description_below field_validation_below gfield_visibility_visible\"  data-js-reload=\"field_2_5\" ><label class='gfield_label gform-field-label' for='input_2_5'>Vous voulez&#8230;<span class=\"gfield_required\"><span class=\"gfield_required gfield_required_text\">(N\u00e9cessaire)<\/span><\/span><\/label><div class='ginput_container ginput_container_select'><select name='input_5' id='input_2_5' class='large gfield_select'    aria-required=\"true\" aria-invalid=\"false\" ><option value='' selected='selected' class='gf_placeholder'>S\u00e9lectionner<\/option><option value='Mettre sur pied une nouvelle activit\u00e9 sur les normes sociales' >Mettre sur pied une nouvelle activit\u00e9 sur les normes sociales<\/option><option value='Obtenir des id\u00e9es pour la programmation de normes sociales' >Obtenir des id\u00e9es pour la programmation de normes sociales<\/option><option value='Vous informer sur l&#039;\u00e9valuation des normes sociales' >Vous informer sur l&#039;\u00e9valuation des normes sociales<\/option><\/select><\/div><\/div><div id=\"field_2_6\" class=\"gfield gfield--type-honeypot gform_validation_container field_sublabel_below gfield--has-description field_description_below field_validation_below gfield_visibility_visible\"  data-js-reload=\"field_2_6\" ><label class='gfield_label gform-field-label' for='input_2_6'>Email<\/label><div class='ginput_container'><input name='input_6' id='input_2_6' type='text' value='' autocomplete='new-password'\/><\/div><div class='gfield_description' id='gfield_description_2_6'>Ce champ n\u2019est utilis\u00e9 qu\u2019\u00e0 des fins de validation et devrait rester inchang\u00e9.<\/div><\/div><\/div><\/div>\n        <div class='gform-footer gform_footer top_label'> <input type='submit' id='gform_submit_button_2' class='gform_button button' onclick='gform.submission.handleButtonClick(this);' value='Submit'  \/> <input type='hidden' name='gform_ajax' value='form_id=2&amp;title=&amp;description=&amp;tabindex=0&amp;theme=gravity-theme&amp;styles=[]&amp;hash=9744dd0bfc753ccc599d6d449b96bc95' \/>\n            <input type='hidden' class='gform_hidden' name='gform_submission_method' data-js='gform_submission_method_2' value='iframe' \/>\n            <input type='hidden' class='gform_hidden' name='gform_theme' data-js='gform_theme_2' id='gform_theme_2' value='gravity-theme' \/>\n            <input type='hidden' class='gform_hidden' name='gform_style_settings' data-js='gform_style_settings_2' id='gform_style_settings_2' value='[]' \/>\n            <input type='hidden' class='gform_hidden' name='is_submit_2' value='1' \/>\n            <input type='hidden' class='gform_hidden' name='gform_submit' value='2' \/>\n            \n            <input type='hidden' class='gform_hidden' name='gform_unique_id' value='' \/>\n            <input type='hidden' class='gform_hidden' name='state_2' value='WyJ7XCIxXCI6W1wiMDI1ZWNmOWM2MTJkYTY1NWY1YTNhZDgzYTNiNjYzMTFcIixcIjdhOWEzZjQ2NjI3Mjc0YTM0Y2EwZTAxMzQ2ODdkOWJiXCIsXCI4ZGUyZmQyMGQzYTU1MzU0MTJiMGU1ZDViNDBhODJmOVwiXSxcIjNcIjpbXCIzZGVmM2FmYmRlMzhhNzZjNGY0NTczM2I2MzBiY2Q0YlwiLFwiNjYzMDlhYzU5YjczNzcxYjgzMjBjOGExN2I4MmQwYjVcIl0sXCI0XCI6W1wiMjRiODZiMjU3M2U2MmVkZDI5NTkyMDRmMDQ5MDdhOGFcIixcImMzOWVjZjk0ZDEwYjRkYTUwYzcyOWQ0ZTdjZGJmNzA3XCIsXCI2NzkxNmJjYTFlMGVkZTE4YTc3ZGMzNWVhNTMyNmIzMVwiLFwiNGVjNzk5MDk2ZmRjNDNlMWEwOTlhZTQ4NmQzNGMzODlcIl0sXCI1XCI6W1wiNjc5MTZiY2ExZTBlZGUxOGE3N2RjMzVlYTUzMjZiMzFcIixcImM5MzFhMzMyNTdjZGE2MWNlYTc5Yzc0ZDcxMWY4Njc2XCIsXCIyZjhhOGYwYzYxMTc5ODAzZGE0ZmEzZWEyZGQ4M2E3ZFwiXX0iLCJkZWI2OWUyMWFkYzMyN2FiMjk1YjAzMzhkYjQxZGMxMyJd' \/>\n            <input type='hidden' autocomplete='off' class='gform_hidden' name='gform_target_page_number_2' id='gform_target_page_number_2' value='0' \/>\n            <input type='hidden' autocomplete='off' class='gform_hidden' name='gform_source_page_number_2' id='gform_source_page_number_2' value='1' \/>\n            <input type='hidden' name='gform_field_values' value='' \/>\n            \n        <\/div>\n                        <\/form>\n                        <\/div>\n\t\t                <iframe style='display:none;width:0px;height:0px;' src='about:blank' name='gform_ajax_frame_2' id='gform_ajax_frame_2' title='Cette iframe contient la logique n\u00e9cessaire pour manipuler Gravity Forms avec Ajax.'><\/iframe>\n\t\t                <script>\ngform.initializeOnLoaded( function() {gformInitSpinner( 2, 'https:\/\/socialnorms.msichoices.org\/wp-content\/plugins\/gravityforms\/images\/spinner.svg', true );jQuery('#gform_ajax_frame_2').on('load',function(){var contents = jQuery(this).contents().find('*').html();var is_postback = contents.indexOf('GF_AJAX_POSTBACK') >= 0;if(!is_postback){return;}var form_content = jQuery(this).contents().find('#gform_wrapper_2');var is_confirmation = jQuery(this).contents().find('#gform_confirmation_wrapper_2').length > 0;var is_redirect = contents.indexOf('gformRedirect(){') >= 0;var is_form = form_content.length > 0 && ! is_redirect && ! is_confirmation;var mt = parseInt(jQuery('html').css('margin-top'), 10) + parseInt(jQuery('body').css('margin-top'), 10) + 100;if(is_form){form_content.find('form').css('opacity', 0);jQuery('#gform_wrapper_2').html(form_content.html());if(form_content.hasClass('gform_validation_error')){jQuery('#gform_wrapper_2').addClass('gform_validation_error');} else {jQuery('#gform_wrapper_2').removeClass('gform_validation_error');}setTimeout( function() { \/* delay the scroll by 50 milliseconds to fix a bug in chrome *\/ jQuery(document).scrollTop(jQuery('#gform_wrapper_2').offset().top - mt); }, 50 );if(window['gformInitDatepicker']) {gformInitDatepicker();}if(window['gformInitPriceFields']) {gformInitPriceFields();}var current_page = jQuery('#gform_source_page_number_2').val();gformInitSpinner( 2, 'https:\/\/socialnorms.msichoices.org\/wp-content\/plugins\/gravityforms\/images\/spinner.svg', true );jQuery(document).trigger('gform_page_loaded', [2, current_page]);window['gf_submitting_2'] = false;}else if(!is_redirect){var confirmation_content = jQuery(this).contents().find('.GF_AJAX_POSTBACK').html();if(!confirmation_content){confirmation_content = contents;}jQuery('#gform_wrapper_2').replaceWith(confirmation_content);jQuery(document).scrollTop(jQuery('#gf_2').offset().top - mt);jQuery(document).trigger('gform_confirmation_loaded', [2]);window['gf_submitting_2'] = false;wp.a11y.speak(jQuery('#gform_confirmation_message_2').text());}else{jQuery('#gform_2').append(contents);if(window['gformRedirect']) {gformRedirect();}}jQuery(document).trigger(\"gform_pre_post_render\", [{ formId: \"2\", currentPage: \"current_page\", abort: function() { this.preventDefault(); } }]);                if (event && event.defaultPrevented) {                return;         }        const gformWrapperDiv = document.getElementById( \"gform_wrapper_2\" );        if ( gformWrapperDiv ) {            const visibilitySpan = document.createElement( \"span\" );            visibilitySpan.id = \"gform_visibility_test_2\";            gformWrapperDiv.insertAdjacentElement( \"afterend\", visibilitySpan );        }        const visibilityTestDiv = document.getElementById( \"gform_visibility_test_2\" );        let postRenderFired = false;                function triggerPostRender() {            if ( postRenderFired ) {                return;            }            postRenderFired = true;            jQuery( document ).trigger( 'gform_post_render', [2, current_page] );            gform.utils.trigger( { event: 'gform\/postRender', native: false, data: { formId: 2, currentPage: current_page } } );            gform.utils.trigger( { event: 'gform\/post_render', native: false, data: { formId: 2, currentPage: current_page } } );            if ( visibilityTestDiv ) {                visibilityTestDiv.parentNode.removeChild( visibilityTestDiv );            }        }        function debounce( func, wait, immediate ) {            var timeout;            return function() {                var context = this, args = arguments;                var later = function() {                    timeout = null;                    if ( !immediate ) func.apply( context, args );                };                var callNow = immediate && !timeout;                clearTimeout( timeout );                timeout = setTimeout( later, wait );                if ( callNow ) func.apply( context, args );            };        }        const debouncedTriggerPostRender = debounce( function() {            triggerPostRender();        }, 200 );        if ( visibilityTestDiv && visibilityTestDiv.offsetParent === null ) {            const observer = new MutationObserver( ( mutations ) => {                mutations.forEach( ( mutation ) => {                    if ( mutation.type === 'attributes' && visibilityTestDiv.offsetParent !== null ) {                        debouncedTriggerPostRender();                        observer.disconnect();                    }                });            });            observer.observe( document.body, {                attributes: true,                childList: false,                subtree: true,                attributeFilter: [ 'style', 'class' ],            });        } else {            triggerPostRender();        }    } );} );\n<\/script>\n<\/div>\n<\/div>\n<\/div>\n","protected":false},"excerpt":{"rendered":"","protected":false},"author":1,"featured_media":0,"parent":0,"menu_order":0,"comment_status":"closed","ping_status":"closed","template":"","meta":{"_acf_changed":false,"_editorskit_title_hidden":false,"_editorskit_reading_time":0,"_editorskit_is_block_options_detached":false,"_editorskit_block_options_position":"{}","footnotes":""},"class_list":["post-394","page","type-page","status-publish","hentry"],"acf":[],"featured_image_src":null,"featured_image_src_square":null,"_links":{"self":[{"href":"https:\/\/socialnorms.msichoices.org\/fr\/wp-json\/wp\/v2\/pages\/394","targetHints":{"allow":["GET"]}}],"collection":[{"href":"https:\/\/socialnorms.msichoices.org\/fr\/wp-json\/wp\/v2\/pages"}],"about":[{"href":"https:\/\/socialnorms.msichoices.org\/fr\/wp-json\/wp\/v2\/types\/page"}],"author":[{"embeddable":true,"href":"https:\/\/socialnorms.msichoices.org\/fr\/wp-json\/wp\/v2\/users\/1"}],"replies":[{"embeddable":true,"href":"https:\/\/socialnorms.msichoices.org\/fr\/wp-json\/wp\/v2\/comments?post=394"}],"version-history":[{"count":0,"href":"https:\/\/socialnorms.msichoices.org\/fr\/wp-json\/wp\/v2\/pages\/394\/revisions"}],"wp:attachment":[{"href":"https:\/\/socialnorms.msichoices.org\/fr\/wp-json\/wp\/v2\/media?parent=394"}],"curies":[{"name":"wp","href":"https:\/\/api.w.org\/{rel}","templated":true}]}}