{"id":577,"date":"2023-04-03T17:03:21","date_gmt":"2023-04-03T17:03:21","guid":{"rendered":"https:\/\/socialnorms.msichoices.org\/?page_id=577"},"modified":"2023-06-08T11:18:15","modified_gmt":"2023-06-08T11:18:15","slug":"politique-de-confidentialite","status":"publish","type":"page","link":"https:\/\/socialnorms.msichoices.org\/fr\/politique-de-confidentialite\/","title":{"rendered":"Politique de confidentialit\u00e9"},"content":{"rendered":"\n<h2 class=\"wp-block-heading\">Politique de confidentialit\u00e9<\/h2>\n\n\n\n<p>MSI Reproductive Choices appr\u00e9cie et respecte la confiance que vous nous accordez lorsque vous choisissez de partager vos informations priv\u00e9es. Lisez cette politique de confidentialit\u00e9 pour en savoir plus sur la mani\u00e8re dont nous prot\u00e9geons vos informations en toute s\u00e9curit\u00e9 et confidentialit\u00e9.<\/p>\n\n\n\n<div class=\"wp-block-genesis-blocks-gb-accordion gb-block-accordion\"><details><summary class=\"gb-accordion-title\">\u00c0 propos de cette politique de confidentialit\u00e9<\/summary><div class=\"gb-accordion-text\">\n<p>Cette politique de confidentialit\u00e9, \u00e9galement parfois appel\u00e9e avis de confidentialit\u00e9, est destin\u00e9e \u00e0 toute personne utilisant le site Web <a href=\"https:\/\/socialnorms.msichoices.org\/fr\/fr-2\/\">socialnorms.msichoices.org<\/a> et \u00e0 toute personne qui choisit de nous soutenir en s&#8217;abonnant \u00e0 nos mises \u00e0 jour par e-mail et\/ou en faisant un don au travail vital de MSI Reproductive Choices. Si vous \u00eates un client de MSI Reproductive Choices au Royaume-Uni, veuillez vous r\u00e9f\u00e9rer \u00e0 <a href=\"http:\/\/www.msichoices.org.uk\/\">msichoices.org.uk<\/a> car cette politique de confidentialit\u00e9 peut ne pas s&#8217;appliquer \u00e0 vous.&nbsp;<a href=\"https:\/\/www.msichoices.org\/\"><\/a>&nbsp;&nbsp;<a href=\"http:\/\/www.msichoices.org.uk\/\"><\/a>&nbsp;<\/p>\n\n\n\n<p>Cette politique vous informe sur les informations que nous, MSI Reproductive Choices, collectons et d\u00e9tenons \u00e0 votre sujet. Il explique ce que nous faisons avec l&#8217;information, comment nous en prendrons soin et avec qui nous pourrions la partager.<\/p>\n<\/div><\/details><\/div>\n\n\n\n<div class=\"wp-block-genesis-blocks-gb-accordion gb-block-accordion\"><details><summary class=\"gb-accordion-title\">Nos responsabilit\u00e9s<\/summary><div class=\"gb-accordion-text\">\n<p>MSI Reproductive Choices est le responsable du traitement des donn\u00e9es dans le cadre de cette politique. Cela signifie que si cette politique s&#8217;applique \u00e0 vos informations, il est de notre responsabilit\u00e9 de les prot\u00e9ger.&nbsp;<\/p>\n<\/div><\/details><\/div>\n\n\n\n<div class=\"wp-block-genesis-blocks-gb-accordion gb-block-accordion\"><details><summary class=\"gb-accordion-title\">Quelles informations collectons-nous?<\/summary><div class=\"gb-accordion-text\">\n<p>En fonction des informations que vous choisissez de partager ou des informations que nous sommes l\u00e9galement tenus ou autoris\u00e9s \u00e0 collecter, nous pouvons collecter les \u00e9l\u00e9ments suivants&nbsp;:<\/p>\n\n\n\n<ul class=\"wp-block-list\">\n<li>Nom &#8211; titre, pr\u00e9nom et nom<\/li>\n\n\n\n<li>Adresse e-mail<\/li>\n\n\n\n<li>adresse postale<\/li>\n\n\n\n<li>Num\u00e9ro de t\u00e9l\u00e9phone, fixe, portable ou les deux<\/li>\n\n\n\n<li>coordonn\u00e9es bancaires<\/li>\n\n\n\n<li>Date de naissance<\/li>\n\n\n\n<li>Statut fiscal &#8211; cela fait partie de votre d\u00e9claration d&#8217;aide au don<\/li>\n\n\n\n<li>Adresse IP, type de navigateur et informations sur la derni\u00e8re page visit\u00e9e.<\/li>\n<\/ul>\n<\/div><\/details><\/div>\n\n\n\n<div class=\"wp-block-genesis-blocks-gb-accordion gb-block-accordion\"><details><summary class=\"gb-accordion-title\">D&#8217;o\u00f9 recueillons-nous vos informations ?<\/summary><div class=\"gb-accordion-text\">\n<p>Nous recueillons des informations vous concernant des mani\u00e8res suivantes :<\/p>\n\n\n\n<ul class=\"wp-block-list\">\n<li>Lorsque vous nous le donnez directement<\/li>\n<\/ul>\n\n\n\n<p>Vous pouvez nous donner vos informations lorsque vous visitez notre site Web, afin de vous inscrire \u00e0 notre newsletter, faire un don, laisser un h\u00e9ritage ou simplement communiquer avec nous. Parfois, lorsque vous nous soutenez, vos informations sont collect\u00e9es par un tiers qui traite votre don, mais nous sommes responsables de vos informations \u00e0 tout moment.<\/p>\n\n\n\n<ul class=\"wp-block-list\">\n<li>Lorsque vous nous le donnez indirectement<\/li>\n<\/ul>\n\n\n\n<p>Vos informations seront partag\u00e9es avec nous par des sites de collecte de fonds ind\u00e9pendants comme JustGiving lorsque vous nous faites un don via leur site et que vous consentez \u00e0 ce que vos informations soient partag\u00e9es avec nous. Vous devez v\u00e9rifier leur politique de confidentialit\u00e9 lorsque vous fournissez vos informations pour comprendre comment ils utiliseront vos informations.<\/p>\n\n\n\n<p>Nous n&#8217;achetons pas d&#8217;informations sur des individus aupr\u00e8s d&#8217;entreprises qui vendent de tels d\u00e9tails.<\/p>\n<\/div><\/details><\/div>\n\n\n\n<div class=\"wp-block-genesis-blocks-gb-accordion gb-block-accordion\"><details><summary class=\"gb-accordion-title\">Pourquoi collectons-nous vos informations ?<\/summary><div class=\"gb-accordion-text\">\n<ul class=\"wp-block-list\">\n<li>Si vous avez fait un don \u00e0 MSI Reproductive Choices, nous avons besoin de ces informations pour pouvoir traiter votre don (y compris votre d\u00e9claration d&#8217;aide au don, le cas \u00e9ch\u00e9ant).<\/li>\n\n\n\n<li>Si vous avez choisi de recevoir nos mises \u00e0 jour par e-mail, nous avons besoin de ces informations pour pouvoir vous les envoyer.<\/li>\n<\/ul>\n<\/div><\/details><\/div>\n\n\n\n<div class=\"wp-block-genesis-blocks-gb-accordion gb-block-accordion\"><details><summary class=\"gb-accordion-title\">Comment prot\u00e9geons-nous vos informations\u00a0?<\/summary><div class=\"gb-accordion-text\">\n<p>Toutes les informations que nous d\u00e9tenons \u00e0 votre sujet sont s\u00e9curis\u00e9es gr\u00e2ce \u00e0 des contr\u00f4les et syst\u00e8mes techniques appropri\u00e9s. Notre site Web est h\u00e9berg\u00e9 sur des serveurs s\u00e9curis\u00e9s situ\u00e9s dans l&#8217;Espace \u00e9conomique europ\u00e9en. Les informations que vous choisissez de partager avec nous via notre site Web sont \u00e9galement crypt\u00e9es.<\/p>\n\n\n\n<p>Nous veillons \u00e0 ce que vos informations ne soient accessibles qu&#8217;au personnel form\u00e9 et aux sous-traitants charg\u00e9s de les g\u00e9rer. Vos informations ne seront lues ou utilis\u00e9es que sur du mat\u00e9riel crypt\u00e9 et des logiciels fiables.<\/p>\n<\/div><\/details><\/div>\n\n\n\n<div class=\"wp-block-genesis-blocks-gb-accordion gb-block-accordion\"><details><summary class=\"gb-accordion-title\">Qui voit vos informations\u00a0?<\/summary><div class=\"gb-accordion-text\">\n<p>Certains membres de l&#8217;\u00e9quipe MSI Reproductive Choices auront acc\u00e8s \u00e0 vos informations pour effectuer leur travail, tels que les membres de l&#8217;\u00e9quipe qui maintiennent notre base de donn\u00e9es d&#8217;envoi.<\/p>\n\n\n\n<p>Nous pouvons \u00e9galement nous engager avec des organisations externes pour traiter les informations en notre nom, telles que la Charities Aid Foundation. Nous veillerons toujours \u00e0 ce que notre contrat avec eux \u00e9nonce nos attentes et nos exigences quant \u00e0 la mani\u00e8re dont ils doivent traiter vos informations.<\/p>\n\n\n\n<p>Nous pouvons \u00eatre amen\u00e9s \u00e0 transf\u00e9rer vos informations \u00e0 des organisations situ\u00e9es en dehors du Royaume-Uni. Si nous le faisons, nous veillerons \u00e0 ce que les informations soient prot\u00e9g\u00e9es \u00e0 un niveau conforme \u00e0 nos normes.<\/p>\n\n\n\n<p>Nous pouvons \u00eatre amen\u00e9s \u00e0 divulguer vos coordonn\u00e9es, lorsque la loi l&#8217;exige, \u00e0 la police, aux organismes de r\u00e9glementation ou aux conseillers juridiques.<\/p>\n\n\n\n<p>Nous ne vendrons jamais vos informations \u00e0 des tiers.<\/p>\n<\/div><\/details><\/div>\n\n\n\n<div class=\"wp-block-genesis-blocks-gb-accordion gb-block-accordion\"><details><summary class=\"gb-accordion-title\">Combien de temps conservons-nous vos informations ?<\/summary><div class=\"gb-accordion-text\">\n<p>Nous ne conserverons jamais les informations plus longtemps que n\u00e9cessaire. Si vous avez fait un don \u00e0 MSI Reproductive Choices, nous conserverons vos informations pendant 6 ans \u00e0 compter de la date de votre dernier don. Si vous vous \u00eates abonn\u00e9 \u00e0 nos mises \u00e0 jour par e-mail, nous vous contacterons r\u00e9guli\u00e8rement pour nous assurer que vous \u00eates toujours heureux de recevoir nos mises \u00e0 jour et vous pouvez retirer votre consentement \u00e0 les recevoir \u00e0 tout moment en cliquant sur le lien de d\u00e9sabonnement fourni.<\/p>\n\n\n\n<p>Vos informations peuvent \u00eatre conserv\u00e9es plus longtemps si la loi l&#8217;exige.<\/p>\n<\/div><\/details><\/div>\n\n\n\n<div class=\"wp-block-genesis-blocks-gb-accordion gb-block-accordion\"><details><summary class=\"gb-accordion-title\">Vos droits et contr\u00f4le sur vos informations<\/summary><div class=\"gb-accordion-text\">\n<p>Les informations que nous collectons et utilisons \u00e0 votre sujet sont toujours sous votre contr\u00f4le. Cela signifie que vous avez des droits sur ces informations et que vous pouvez demander ce qui suit&nbsp;:<\/p>\n\n\n\n<ul class=\"wp-block-list\">\n<li>Informations sur la fa\u00e7on dont nous traitons vos informations<\/li>\n\n\n\n<li>Acc\u00e8s aux informations que nous d\u00e9tenons sur vous<\/li>\n\n\n\n<li>Vos informations \u00e0 modifier ou mettre \u00e0 jour<\/li>\n\n\n\n<li>S&#8217;opposer \u00e0 l&#8217;utilisation de vos informations<\/li>\n\n\n\n<li>Pour restreindre la mani\u00e8re dont nous utilisons vos informations<\/li>\n\n\n\n<li>Que nous fournissons vos informations dans un format portable<\/li>\n\n\n\n<li>Vos informations \u00e0 supprimer ou \u00e0 d\u00e9sactiver<\/li>\n<\/ul>\n\n\n\n<p>Vous pouvez retirer votre consentement \u00e0 recevoir des mises \u00e0 jour \u00e0 tout moment en cliquant sur le lien de d\u00e9sabonnement au bas de nos e-mails. Veuillez noter que si vous choisissez de vous d\u00e9sabonner et que vous nous avez fait un don au cours des 6 derni\u00e8res ann\u00e9es ou que vous nous avez fait un don \u00e0 l&#8217;avenir, nous pouvons conserver vos informations \u00e0 cette fin.<\/p>\n\n\n\n<p>Vous avez le droit de d\u00e9poser une plainte aupr\u00e8s de l&#8217;Information Commissioner&#8217;s Office au Royaume-Uni.<\/p>\n\n\n\n<p>Si vous souhaitez en savoir plus sur vos droits, faire une demande ou une plainte, veuillez contacter <a href=\"mailto:info@msichoices.org\">info@msichoices.org<\/a> .<\/p>\n<\/div><\/details><\/div>\n\n\n\n<div class=\"wp-block-genesis-blocks-gb-accordion gb-block-accordion\"><details><summary class=\"gb-accordion-title\">Cookies<\/summary><div class=\"gb-accordion-text\">\n<p>Notre site Web utilise des cookies, qui sont de petits fichiers num\u00e9riques stock\u00e9s dans votre navigateur Web. Ils nous permettent de suivre vos visites de retour sur notre site Web et de rendre l&#8217;utilisation de notre site Web plus agr\u00e9able pour vous.<\/p>\n\n\n\n<p>Veuillez consulter notre <a href=\"https:\/\/socialnorms.msichoices.org\/fr\/politique-relative-aux-cookies\/\" class=\"ek-link\">politique en mati\u00e8re de cookies<\/a> pour plus d&#8217;informations.<\/p>\n<\/div><\/details><\/div>\n\n\n\n<div class=\"wp-block-genesis-blocks-gb-accordion gb-block-accordion\"><details><summary class=\"gb-accordion-title\">Comment nous contacter<\/summary><div class=\"gb-accordion-text\">\n<p>Si vous avez des questions sur notre politique de confidentialit\u00e9, vous pouvez nous contacter par email \u00e0 <a href=\"mailto:info@msichoices.org\">info@msichoices.org<\/a> ou par courrier :<\/p>\n\n\n\n<p>MSI Reproductive Choices<br>1 rue Conway<br>Fitzroy Square<br>W1T 6LP<\/p>\n<\/div><\/details><\/div>\n\n\n\n<div class=\"wp-block-genesis-blocks-gb-accordion gb-block-accordion\"><details><summary class=\"gb-accordion-title\">Modifications de cette politique<\/summary><div class=\"gb-accordion-text\">\n<p>Nous r\u00e9examinerons r\u00e9guli\u00e8rement cette politique et publierons toute mise \u00e0 jour sur cette page. Cette politique de confidentialit\u00e9 a \u00e9t\u00e9 mise \u00e0 jour pour la derni\u00e8re fois le 11 mai 2018.<\/p>\n<\/div><\/details><\/div>\n","protected":false},"excerpt":{"rendered":"<p>Politique de confidentialit\u00e9 MSI Reproductive Choices appr\u00e9cie et respecte la confiance que vous nous accordez lorsque vous choisissez de partager vos informations priv\u00e9es. Lisez cette politique de confidentialit\u00e9 pour en savoir plus sur la mani\u00e8re dont nous prot\u00e9geons vos informations en toute s\u00e9curit\u00e9 et confidentialit\u00e9.<\/p>\n","protected":false},"author":1,"featured_media":0,"parent":0,"menu_order":0,"comment_status":"closed","ping_status":"closed","template":"","meta":{"_acf_changed":false,"_editorskit_title_hidden":false,"_editorskit_reading_time":0,"_editorskit_is_block_options_detached":false,"_editorskit_block_options_position":"{}","footnotes":""},"class_list":["post-577","page","type-page","status-publish","hentry"],"acf":[],"featured_image_src":null,"featured_image_src_square":null,"_links":{"self":[{"href":"https:\/\/socialnorms.msichoices.org\/fr\/wp-json\/wp\/v2\/pages\/577","targetHints":{"allow":["GET"]}}],"collection":[{"href":"https:\/\/socialnorms.msichoices.org\/fr\/wp-json\/wp\/v2\/pages"}],"about":[{"href":"https:\/\/socialnorms.msichoices.org\/fr\/wp-json\/wp\/v2\/types\/page"}],"author":[{"embeddable":true,"href":"https:\/\/socialnorms.msichoices.org\/fr\/wp-json\/wp\/v2\/users\/1"}],"replies":[{"embeddable":true,"href":"https:\/\/socialnorms.msichoices.org\/fr\/wp-json\/wp\/v2\/comments?post=577"}],"version-history":[{"count":0,"href":"https:\/\/socialnorms.msichoices.org\/fr\/wp-json\/wp\/v2\/pages\/577\/revisions"}],"wp:attachment":[{"href":"https:\/\/socialnorms.msichoices.org\/fr\/wp-json\/wp\/v2\/media?parent=577"}],"curies":[{"name":"wp","href":"https:\/\/api.w.org\/{rel}","templated":true}]}}