{"id":580,"date":"2023-06-08T10:53:59","date_gmt":"2023-06-08T10:53:59","guid":{"rendered":"https:\/\/socialnorms.msichoices.org\/?page_id=580"},"modified":"2023-06-08T11:17:45","modified_gmt":"2023-06-08T11:17:45","slug":"politique-relative-aux-cookies","status":"publish","type":"page","link":"https:\/\/socialnorms.msichoices.org\/fr\/politique-relative-aux-cookies\/","title":{"rendered":"Politique relative aux cookies"},"content":{"rendered":"\n<h2 class=\"wp-block-heading\">Politique relative aux cookies<\/h2>\n\n\n\n<p>Cette politique relative aux cookies est destin\u00e9e \u00e0 toute personne utilisant le site Web <a href=\"https:\/\/socialnorms.msichoices.org\/fr\/fr-2\/\">socialnorms.msichoices.org<\/a> . Cette politique vous informe sur les cookies que nous utilisons, pourquoi nous les utilisons et comment ils am\u00e9liorent votre exp\u00e9rience sur notre site Web.&nbsp;<\/p>\n\n\n\n<div class=\"wp-block-genesis-blocks-gb-accordion gb-block-accordion\"><details><summary class=\"gb-accordion-title\">Que sont les cookies ?<\/summary><div class=\"gb-accordion-text\">\n<p>Les cookies sont de petits fichiers num\u00e9riques que les sites Web enregistrent localement sur votre ordinateur ou votre appareil mobile et nous permettent de nous souvenir de vos visites et de suivre les informations relatives \u00e0 vos visites sur le site Web.<\/p>\n<\/div><\/details><\/div>\n\n\n\n<div class=\"wp-block-genesis-blocks-gb-accordion gb-block-accordion\"><details><summary class=\"gb-accordion-title\">Pourquoi utilisons-nous des cookies ?<\/summary><div class=\"gb-accordion-text\">\n<p>Nous utilisons des cookies pour am\u00e9liorer notre site Web et votre exp\u00e9rience de navigation. Si certains d&#8217;entre eux sont d\u00e9sactiv\u00e9s, certaines fonctionnalit\u00e9s du site Web peuvent ne pas fonctionner correctement.<\/p>\n\n\n\n<p>Nous n&#8217;utiliserons jamais de cookies \u00e0 des fins publicitaires.<\/p>\n<\/div><\/details><\/div>\n\n\n\n<div class=\"wp-block-genesis-blocks-gb-accordion gb-block-accordion\"><details><summary class=\"gb-accordion-title\">Quel type de cookies utilisons-nous ?<\/summary><div class=\"gb-accordion-text\">\n<p>Ce site utilise uniquement quatre types de cookies&nbsp;:<\/p>\n\n\n\n<p><strong>1. Cookies strictement n\u00e9cessaires<\/strong><\/p>\n\n\n\n<p>Ces cookies sont essentiels. Ils vous permettent d&#8217;utiliser toutes les diff\u00e9rentes parties de notre site Web. Sans ces cookies, certaines fonctionnalit\u00e9s de notre site Web ne fonctionneraient pas correctement.<\/p>\n\n\n\n<p><strong>2. Cookies de performance<\/strong><\/p>\n\n\n\n<p>Ces cookies nous aident \u00e0 comprendre comment vous utilisez notre site Web et \u00e0 \u00e9valuer ses performances. Par exemple, ils nous permettent de voir quelles pages de notre site sont les plus visit\u00e9es.<\/p>\n\n\n\n<p><strong>3. Cookies fonctionnels<\/strong><\/p>\n\n\n\n<p>Ces cookies am\u00e9liorent votre exp\u00e9rience de navigation en m\u00e9morisant les choix que vous avez faits sur le site lors de votre derni\u00e8re visite. Par exemple, vos param\u00e8tres et vos pr\u00e9f\u00e9rences utilisateur.<\/p>\n\n\n\n<p><strong>4. Cookies tiers<\/strong><\/p>\n\n\n\n<p>Partout o\u00f9 vous voyez du contenu provenant d&#8217;autres sources sur notre site Web, y compris des flux vid\u00e9o, tels que Vimeo ou Youtube, des partages de m\u00e9dias sociaux, tels que Facebook ou Twitter, vous devez noter que ces autres sources peuvent utiliser leurs propres cookies.<\/p>\n\n\n\n<p>Pour en savoir plus sur les cookies d\u00e9pos\u00e9s par ces sources externes, veuillez cliquer sur les liens ci-dessous :<\/p>\n\n\n\n<p><a href=\"https:\/\/policies.google.com\/privacy?hl=en&amp;gl=uk\"><strong>Google Analytics<\/strong><\/a><\/p>\n\n\n\n<p><a href=\"https:\/\/policies.google.com\/privacy?hl=en&amp;gl=uk\"><strong>Google Translate<\/strong><\/a><\/p>\n\n\n\n<p><a href=\"https:\/\/policies.google.com\/privacy?hl=en&amp;gl=uk\"><strong>Google Maps<\/strong><\/a><\/p>\n\n\n\n<p><a href=\"https:\/\/policies.google.com\/privacy?hl=en&amp;gl=uk\"><strong>Google +<\/strong><\/a><\/p>\n\n\n\n<p><a href=\"https:\/\/www.facebook.com\/policies\/cookies\/\"><strong>Facebook<\/strong><\/a><\/p>\n\n\n\n<p><a href=\"https:\/\/twitter.com\/en\/privacy\"><strong>Twitter<\/strong><\/a><\/p>\n\n\n\n<p><a href=\"https:\/\/www.linkedin.com\/legal\/cookie-policy\"><strong>LinkedIn<\/strong><\/a><\/p>\n\n\n\n<p><a href=\"https:\/\/policies.google.com\/privacy?hl=en&amp;gl=uk\"><strong>Youtube<\/strong><\/a><\/p>\n\n\n\n<p><a href=\"https:\/\/vimeo.com\/privacy\"><strong>Vim\u00e9o<\/strong><\/a><\/p>\n<\/div><\/details><\/div>\n\n\n\n<div class=\"wp-block-genesis-blocks-gb-accordion gb-block-accordion\"><details><summary class=\"gb-accordion-title\">Combien de temps durent les cookies ?<\/summary><div class=\"gb-accordion-text\">\n<p>Certains cookies sont de session, c&#8217;est-\u00e0-dire qu&#8217;ils ne sont conserv\u00e9s que pendant la dur\u00e9e de votre visite sur le site. Par exemple, un cookie qui v\u00e9rifie si vous pouvez lire correctement notre site Web est de session. D&#8217;autres cookies durent plus longtemps, de 6 mois \u00e0 2 ans. Ces cookies nous diront combien de fois vous avez visit\u00e9 notre site Web, par exemple.<\/p>\n<\/div><\/details><\/div>\n\n\n\n<div class=\"wp-block-genesis-blocks-gb-accordion gb-block-accordion\"><details><summary class=\"gb-accordion-title\">Comment contr\u00f4ler mes cookies ?<\/summary><div class=\"gb-accordion-text\">\n<p>Lors de votre premi\u00e8re visite sur notre site Web, une banni\u00e8re contextuelle appara\u00eetra pour vous informer que notre site Web utilise des cookies et vous inviter \u00e0 lire cette politique en mati\u00e8re de cookies. Vous pouvez choisir de continuer \u00e0 naviguer sur le site et accepter les cookies que nous utilisons ou, si vous ne souhaitez pas accepter les cookies, vous pouvez \u00e0 tout moment modifier vos param\u00e8tres de cookies depuis votre navigateur.<\/p>\n\n\n\n<p>Si vous le faites, sachez que vous risquez de perdre certaines fonctionnalit\u00e9s de ce site Web.<\/p>\n\n\n\n<p>Vous pouvez utiliser votre navigateur Web pour&nbsp;:<\/p>\n\n\n\n<ul class=\"wp-block-list\">\n<li>supprimer tous les cookies&nbsp;;<\/li>\n\n\n\n<li>bloquer tous les cookies&nbsp;;<\/li>\n\n\n\n<li>autoriser tous les cookies&nbsp;;<\/li>\n\n\n\n<li>bloquer les cookies tiers&nbsp;;<\/li>\n\n\n\n<li>effacer tous les cookies lorsque vous fermez le navigateur&nbsp;;<\/li>\n\n\n\n<li>ouvrir une session de \u00ab&nbsp;navigation priv\u00e9e&nbsp;\u00bb \/ \u00ab&nbsp;incognito&nbsp;\u00bb, qui vous permet de naviguer sur Internet sans stocker de donn\u00e9es locales&nbsp;;<\/li>\n\n\n\n<li>et installez des modules compl\u00e9mentaires et des plug-ins pour \u00e9tendre les fonctionnalit\u00e9s du navigateur.<\/li>\n<\/ul>\n\n\n\n<p>Vous pouvez trouver des informations sur le contr\u00f4le des cookies ici :<\/p>\n\n\n\n<ul class=\"wp-block-list\">\n<li><a href=\"http:\/\/support.microsoft.com\/kb\/278835\">Informations sur les cookies d&#8217;Internet Explorer<\/a><\/li>\n\n\n\n<li><a href=\"https:\/\/support.google.com\/chrome\/answer\/95647?hl=en-GB\">Informations sur les cookies Chrome<\/a><\/li>\n\n\n\n<li><a href=\"http:\/\/support.mozilla.org\/en-US\/kb\/Clear%20Recent%20History\">Informations sur les cookies de Firefox<\/a><\/li>\n\n\n\n<li><a href=\"http:\/\/support.apple.com\/kb\/PH5042\">Informations sur les cookies Safari<\/a><\/li>\n\n\n\n<li><a href=\"http:\/\/www.opera.com\/help\/tutorials\/security\/privacy\/\">Informations sur les cookies d&#8217;Op\u00e9ra<\/a><\/li>\n<\/ul>\n<\/div><\/details><\/div>\n\n\n\n<div class=\"wp-block-genesis-blocks-gb-accordion gb-block-accordion\"><details><summary class=\"gb-accordion-title\">Politique de confidentialit\u00e9<\/summary><div class=\"gb-accordion-text\">\n<p>Veuillez consulter notre <a href=\"https:\/\/socialnorms.msichoices.org\/fr\/politique-de-confidentialite\/\" class=\"ek-link\">politique de confidentialit\u00e9 <\/a>pour en savoir plus sur la mani\u00e8re dont nous prot\u00e9geons vos informations en toute s\u00e9curit\u00e9 et confidentialit\u00e9.<\/p>\n<\/div><\/details><\/div>\n\n\n\n<div class=\"wp-block-genesis-blocks-gb-accordion gb-block-accordion\"><details><summary class=\"gb-accordion-title\">Comment nous contacter<\/summary><div class=\"gb-accordion-text\">\n<p>Si vous avez des questions sur notre politique de cookies, vous pouvez nous contacter par email : <a href=\"mailto:info@msichoices.org\">info@msichoices.org<\/a> ou par courrier :&nbsp;<a href=\"mailto:info@msichoices.org\"><\/a>&nbsp;<\/p>\n\n\n\n<p>MSI Reproductive Choices<br>1 Conway Street<br>Fitzroy Square<br>W1T 6LP<br>Londres<br>Royaume-Uni<\/p>\n<\/div><\/details><\/div>\n\n\n\n<div class=\"wp-block-genesis-blocks-gb-accordion gb-block-accordion\"><details><summary class=\"gb-accordion-title\">Modifications de cette politique<\/summary><div class=\"gb-accordion-text\">\n<p>Nous r\u00e9examinerons r\u00e9guli\u00e8rement cette politique et publierons toute mise \u00e0 jour sur cette page. Cette politique de cookies a \u00e9t\u00e9 mise \u00e0 jour pour la derni\u00e8re fois le 24 mai 2018.<\/p>\n<\/div><\/details><\/div>\n","protected":false},"excerpt":{"rendered":"<p>Politique relative aux cookies Cette politique relative aux cookies est destin\u00e9e \u00e0 toute personne utilisant le site Web socialnorms.msichoices.org . Cette politique vous informe sur les cookies que nous utilisons, pourquoi nous les utilisons et comment ils am\u00e9liorent votre exp\u00e9rience sur notre site Web.&nbsp;<\/p>\n","protected":false},"author":1,"featured_media":0,"parent":0,"menu_order":0,"comment_status":"closed","ping_status":"closed","template":"","meta":{"_acf_changed":false,"_editorskit_title_hidden":false,"_editorskit_reading_time":0,"_editorskit_is_block_options_detached":false,"_editorskit_block_options_position":"{}","footnotes":""},"class_list":["post-580","page","type-page","status-publish","hentry"],"acf":[],"featured_image_src":null,"featured_image_src_square":null,"_links":{"self":[{"href":"https:\/\/socialnorms.msichoices.org\/fr\/wp-json\/wp\/v2\/pages\/580","targetHints":{"allow":["GET"]}}],"collection":[{"href":"https:\/\/socialnorms.msichoices.org\/fr\/wp-json\/wp\/v2\/pages"}],"about":[{"href":"https:\/\/socialnorms.msichoices.org\/fr\/wp-json\/wp\/v2\/types\/page"}],"author":[{"embeddable":true,"href":"https:\/\/socialnorms.msichoices.org\/fr\/wp-json\/wp\/v2\/users\/1"}],"replies":[{"embeddable":true,"href":"https:\/\/socialnorms.msichoices.org\/fr\/wp-json\/wp\/v2\/comments?post=580"}],"version-history":[{"count":0,"href":"https:\/\/socialnorms.msichoices.org\/fr\/wp-json\/wp\/v2\/pages\/580\/revisions"}],"wp:attachment":[{"href":"https:\/\/socialnorms.msichoices.org\/fr\/wp-json\/wp\/v2\/media?parent=580"}],"curies":[{"name":"wp","href":"https:\/\/api.w.org\/{rel}","templated":true}]}}