{"id":587,"date":"2023-06-08T11:31:25","date_gmt":"2023-06-08T11:31:25","guid":{"rendered":"https:\/\/socialnorms.msichoices.org\/?page_id=587"},"modified":"2023-06-08T11:32:25","modified_gmt":"2023-06-08T11:32:25","slug":"declaration-contre-lesclavage-moderne-et-la-traite-des-etres-humains","status":"publish","type":"page","link":"https:\/\/socialnorms.msichoices.org\/fr\/declaration-contre-lesclavage-moderne-et-la-traite-des-etres-humains\/","title":{"rendered":"D\u00e9claration contre l&#8217;esclavage moderne et la traite des \u00eatres humains"},"content":{"rendered":"\n<h2 class=\"wp-block-heading\">D\u00e9claration contre l&#8217;esclavage moderne et la traite des \u00eatres humains<\/h2>\n\n\n\n<h3 class=\"wp-block-heading\">Introduction<\/h3>\n\n\n\n<p>Cette d\u00e9claration est faite conform\u00e9ment \u00e0 l&#8217;article 54(1) de la loi de 2015 sur l&#8217;esclavage moderne et constitue notre d\u00e9claration contre l&#8217;esclavage moderne et la traite des \u00eatres humains pour l&#8217;exercice se terminant le 31 d\u00e9cembre 2021 d\u00e9taillant les mesures prises et pr\u00e9vues par MSI Reproductive Choices pour emp\u00eacher l&#8217;esclavage moderne et la traite des \u00eatres humains dans l&#8217;ensemble des op\u00e9rations commerciales et de la cha\u00eene d&#8217;approvisionnement de MSI.<\/p>\n\n\n\n<p>La d\u00e9claration a \u00e9t\u00e9 approuv\u00e9e par le conseil d&#8217;administration de MSI Reproductive Choices&nbsp; <strong>(&#8220;MSI&#8221;)<\/strong> le 25 mai 2022.<\/p>\n\n\n\n<h4 class=\"wp-block-heading\">Structure organisationnelle<\/h4>\n\n\n\n<ul class=\"wp-block-list\">\n<li>MSI est une organisation non gouvernementale internationale qui fournit des soins de sant\u00e9 sexuelle et reproductive, principalement aux filles et aux femmes, atteignant plus de 75 000 femmes chaque jour.<\/li>\n\n\n\n<li>Nous op\u00e9rons par l&#8217;interm\u00e9diaire de succursales et de soci\u00e9t\u00e9s affili\u00e9es dans 37 juridictions, dont beaucoup dans des pays \u00e0 revenu faible ou interm\u00e9diaire, et comptons un peu moins de 9 000 membres d&#8217;\u00e9quipe. Notre si\u00e8ge social est \u00e0 Londres (le \u00ab London Global Support Office \u00bb).<\/li>\n\n\n\n<li>En 2021, \u00e0 travers nos 37 programmes pays, et en partenariat avec les gouvernements, les organisations de la soci\u00e9t\u00e9 civile et les partenaires de mise en \u0153uvre, MSI a aid\u00e9 19,4 millions de personnes \u00e0 acc\u00e9der aux soins de sant\u00e9.<\/li>\n<\/ul>\n\n\n\n<h4 class=\"wp-block-heading\">Commerce et cha\u00eene d&#8217;approvisionnement<\/h4>\n\n\n\n<p>Nous avons un vaste r\u00e9seau d&#8217;op\u00e9rations avec :<\/p>\n\n\n\n<ul class=\"wp-block-list\">\n<li>280 cliniques et maternit\u00e9s dans le monde.<\/li>\n\n\n\n<li>Op\u00e9rations de proximit\u00e9 o\u00f9 nous fournissons un acc\u00e8s aux soins de sant\u00e9 sexuelle et reproductive aux communaut\u00e9s \u00e9loign\u00e9es.<\/li>\n\n\n\n<li>Partenariats avec des prestataires de sant\u00e9 priv\u00e9s existants qui fournissent des services avec notre soutien.<\/li>\n\n\n\n<li>Des partenariats avec des prestataires de sant\u00e9 du secteur public pour fournir une contraception et des services de haute qualit\u00e9 dans les \u00e9tablissements publics des communaut\u00e9s rurales et \u00e9loign\u00e9es.<\/li>\n\n\n\n<li>Engagement de sages-femmes mobiles (MS Ladies) pour fournir un acc\u00e8s aux soins de sant\u00e9 sexuelle et reproductive aux filles et aux femmes dans des communaut\u00e9s sp\u00e9cifiques o\u00f9 les besoins ne sont pas satisfaits.<\/li>\n\n\n\n<li>Centres de contact qui fournissent aux clients des informations et une assistance compl\u00e8tes sur les produits et services li\u00e9s \u00e0 MSI.<\/li>\n\n\n\n<li>Distribution et commercialisation de pr\u00e9servatifs, de pilules contraceptives et d&#8217;autres produits contraceptifs abordables et de qualit\u00e9 aupr\u00e8s des pharmacies, des distributeurs communautaires et d&#8217;autres prestataires priv\u00e9s.<\/li>\n<\/ul>\n\n\n\n<p>Nous avons une cha\u00eene d&#8217;approvisionnement complexe et dispers\u00e9e, y compris des op\u00e9rations sur des sites \u00e0 haut risque. La cha\u00eene d&#8217;approvisionnement de MSI fonctionne via&nbsp;:<\/p>\n\n\n\n<ul class=\"wp-block-list\">\n<li>Une \u00e9quipe centralis\u00e9e de la cha\u00eene d&#8217;approvisionnement mondiale bas\u00e9e au London Global Support Office qui g\u00e8re l&#8217;approvisionnement \u00e0 grande \u00e9chelle de produits pharmaceutiques et m\u00e9dicaux pour les programmes nationaux de MSI avec&nbsp;:\n<ul class=\"wp-block-list\">\n<li>Une plateforme mondiale de r\u00e9quisition introduite en 2021, qui automatise les proc\u00e9dures source-to-pay&nbsp;;<\/li>\n\n\n\n<li>D\u00e9penses d&#8217;environ 6,5&nbsp;millions de livres sterling pour les produits internationaux&nbsp;;<\/li>\n<\/ul>\n<\/li>\n\n\n\n<li>Approvisionnement local, cha\u00eene d&#8217;approvisionnement et personnel logistique bas\u00e9 dans tous les programmes de pays, soutenant le processus d&#8217;approvisionnement international mais aussi s&#8217;approvisionnant localement&nbsp;;<\/li>\n\n\n\n<li>La division britannique de MSI g\u00e8re ses propres achats.<\/li>\n<\/ul>\n\n\n\n<p>Les principaux domaines dans lesquels nous engageons des fournisseurs sont&nbsp;:<\/p>\n\n\n\n<ul class=\"wp-block-list\">\n<li>Recrutement d&#8217;\u00e9quipe<\/li>\n\n\n\n<li>Fourniture de m\u00e9dicaments et de dispositifs m\u00e9dicaux<\/li>\n\n\n\n<li>Fourniture de mat\u00e9riel et consommables non m\u00e9dicaux<\/li>\n\n\n\n<li>Gestion et entretien des installations<\/li>\n\n\n\n<li>Recherche et \u00e9valuation<\/li>\n\n\n\n<li>Finances et audit<\/li>\n\n\n\n<li>Juridique<\/li>\n\n\n\n<li>Marketing et communication<\/li>\n\n\n\n<li>S\u00e9curit\u00e9<\/li>\n\n\n\n<li>Informatique<\/li>\n\n\n\n<li>La gestion des d\u00e9chets<\/li>\n\n\n\n<li>Logistique<\/li>\n<\/ul>\n\n\n\n<h4 class=\"wp-block-heading\">Notre politique sur l&#8217;esclavage moderne et la traite des \u00eatres humains<\/h4>\n\n\n\n<p>En tant qu&#8217;organisation qui promeut les droits des femmes et des filles, nous sommes absolument oppos\u00e9s \u00e0 l&#8217;esclavage moderne et \u00e0 la traite des \u00eatres humains sous toutes ses formes. Nous nous engageons \u00e0 mettre en place des syst\u00e8mes et des contr\u00f4les pour r\u00e9duire le risque d&#8217;esclavage moderne et de traite des \u00eatres humains dans nos cha\u00eenes d&#8217;approvisionnement et dans toutes les autres parties de notre activit\u00e9.<\/p>\n\n\n\n<p>Nous avons une <a rel=\"noreferrer noopener\" href=\"https:\/\/www.msichoices.org\/media\/4368\/20210210-modern-slavery-policy-v2-external.pdf\" target=\"_blank\">politique de lutte contre l&#8217;esclavage moderne et la traite des \u00eatres humains<\/a> (&#8221; <strong>Politique anti-esclavagiste<\/strong> &#8220;). De plus, tous nos employ\u00e9s sont tenus de signer notre code de conduite, qui comprend un engagement envers les principes anti-esclavage moderne. Nous prendrons au s\u00e9rieux toute violation de la politique anti-esclavagisme, et tout employ\u00e9 qui commet une violation sera sanctionn\u00e9 et pourra \u00eatre licenci\u00e9.<\/p>\n\n\n\n<p>Nous sommes conscients que certaines femmes qui sollicitent nos services peuvent \u00eatre victimes de violences sexuelles et sexistes (SGBV) qui pourraient inclure celles soumises \u00e0 l&#8217;esclavage moderne ou \u00e0 la traite des \u00eatres humains. Au Royaume-Uni, nous travaillons avec d&#8217;autres agences comme la police et les services sociaux pour soutenir les clients qui peuvent \u00eatre victimes de l&#8217;esclavage moderne ou de la traite des \u00eatres humains. Cette approche est g\u00e9r\u00e9e conform\u00e9ment \u00e0 la politique de protection des adultes, des enfants et des jeunes de notre division britannique. Nous demandons \u00e0 tout membre du personnel qui craint qu&#8217;une personne soit en danger imm\u00e9diat d&#8217;esclavage moderne et\/ou de traite des \u00eatres humains d&#8217;appeler le 999 et de le signaler \u00e0 la police. Dans nos programmes de pays, nous cherchons \u00e0 accro\u00eetre notre capacit\u00e9 \u00e0 reconna\u00eetre les victimes, \u00e0 fournir les premiers soins mentaux et une gamme de services de sant\u00e9 sexuelle et reproductive,<\/p>\n\n\n\n<h4 class=\"wp-block-heading\">Pratiques d&#8217;emploi<\/h4>\n\n\n\n<p>Nous nous engageons \u00e0 respecter des principes \u00e9thiques dans nos pratiques d&#8217;emploi. Nous avons mis en place des processus pour nous assurer que nous n&#8217;avons pas recours au travail forc\u00e9, \u00e0 la servitude ou aux enfants. Nos employ\u00e9s sont libres de mettre fin \u00e0 leur emploi moyennant un pr\u00e9avis raisonnable. Nous n&#8217;exigeons pas de frais de quiconque souhaite \u00eatre employ\u00e9 par nous ou conservons les originaux des documents d&#8217;identit\u00e9 ou de voyage des employ\u00e9s r\u00e9els ou potentiels. Nos principes \u00e9thiques s&#8217;\u00e9tendent aux conditions d&#8217;emploi que nous offrons. Au minimum, nous nous assurons que les salaires et les heures de travail de nos employ\u00e9s sont conformes aux lois nationales, et que nos employ\u00e9s disposent d&#8217;un environnement de travail s\u00fbr et hygi\u00e9nique, et d&#8217;un acc\u00e8s complet aux proc\u00e9dures de r\u00e9clamation.<\/p>\n\n\n\n<p>Tout le personnel de MSI est soumis \u00e0 des v\u00e9rifications d&#8217;ant\u00e9c\u00e9dents et \u00e0 une v\u00e9rification d&#8217;identit\u00e9.<\/p>\n\n\n\n<p>De plus amples informations sur nos pratiques d&#8217;emploi peuvent \u00eatre trouv\u00e9es dans la politique anti-esclavagiste et dans les politiques suivantes&nbsp;:<\/p>\n\n\n\n<ul class=\"wp-block-list\">\n<li>Politique globale de pr\u00e9-embauche et de recrutement&nbsp;;<\/li>\n\n\n\n<li>Politique mondiale d&#8217;\u00e9galit\u00e9 et de diversit\u00e9&nbsp;;<\/li>\n\n\n\n<li>politique mondiale de dignit\u00e9 au travail&nbsp;;<\/li>\n\n\n\n<li>politique sur le harc\u00e8lement sexuel&nbsp;;<\/li>\n\n\n\n<li>Politique de protection de l&#8217;enfance pour les op\u00e9rations internationales&nbsp;;<\/li>\n\n\n\n<li>Politique de protection des adultes de MSI pour les op\u00e9rations internationales&nbsp;;<\/li>\n\n\n\n<li>Politique de protection des adultes, des enfants et des jeunes (programme britannique)<\/li>\n\n\n\n<li>Politique mondiale de prise de parole.<\/li>\n<\/ul>\n\n\n\n<h4 class=\"wp-block-heading\">Diligence raisonnable et \u00e9valuation des partenaires commerciaux<\/h4>\n\n\n\n<p>Nous exigeons de ceux qui nous aident \u00e0 mettre en \u0153uvre des projets financ\u00e9s par des donateurs (\u00ab<strong>&nbsp;partenaires externes<\/strong>&nbsp;\u00bb) et ceux aupr\u00e8s desquels nous nous approvisionnons (\u00ab<strong>&nbsp;fournisseurs<\/strong>&nbsp;\u00bb), d&#8217;avoir la m\u00eame approche que nous de l&#8217;esclavage moderne et de la traite des \u00eatres humains.<\/p>\n\n\n\n<p>Nous faisons ce qui suit lorsque nous travaillons avec des fournisseurs et des partenaires externes :<\/p>\n\n\n\n<ul class=\"wp-block-list\">\n<li>Exigez de tous les fournisseurs avec lesquels MSI pr\u00e9voit des d\u00e9penses annuelles sup\u00e9rieures \u00e0 1 000 \u00a3 qu&#8217;ils souscrivent \u00e0 notre Code de conduite des partenaires commerciaux, qui comprend des obligations contre l&#8217;esclavage moderne et la traite des \u00eatres humains. Tous les fournisseurs avec lesquels MSI a pr\u00e9vu des d\u00e9penses annuelles sup\u00e9rieures \u00e0 5 000 \u00a3 sont \u00e9galement soumis \u00e0 une v\u00e9rification par rapport \u00e0 une base de donn\u00e9es mondiale de sanctions et d&#8217;autres listes publi\u00e9es de crimes graves et d&#8217;inconduite.<\/li>\n\n\n\n<li>Lorsque MSI conclut un nouveau contrat avec un partenaire externe ou un fournisseur de mat\u00e9riel, nous incluons des clauses qui donnent \u00e0 MSI le droit de r\u00e9silier ce contrat si le partenaire externe ou le fournisseur enfreint son engagement contre l&#8217;esclavage moderne ou la traite des \u00eatres humains.<\/li>\n\n\n\n<li>Veiller \u00e0 ce que l&#8217;approche adopt\u00e9e par les partenaires externes qui travaillent avec nous pour fournir certains aspects de nos programmes financ\u00e9s par les donateurs, en ce qui concerne la mise en \u0153uvre des processus de lutte contre l&#8217;esclavage moderne et la traite des \u00eatres humains, soit prise en compte lors de la d\u00e9cision de travailler avec eux.<\/li>\n<\/ul>\n\n\n\n<p>En cas d&#8217;all\u00e9gation ou de pr\u00e9occupation impliquant un partenaire ou fournisseur externe comme \u00e9tant impliqu\u00e9 dans l&#8217;esclavage moderne ou la traite des \u00eatres humains, nous \u00e9valuerons notre relation avec ce partenaire ou fournisseur aussi rapidement que possible, ce qui peut entra\u00eener la r\u00e9siliation du contrat. Nous actualisons \u00e9galement p\u00e9riodiquement nos processus de diligence raisonnable pour examiner les informations \u00e9mergentes sur nos partenaires commerciaux.<\/p>\n\n\n\n<p>Nos fournisseurs et\/ou fabricants sont principalement bas\u00e9s dans des zones \u00e0 risques. Nous reconnaissons qu&#8217;il existe des risques de travail forc\u00e9 associ\u00e9s \u00e0 l&#8217;achat de produits manufactur\u00e9s, en particulier des pr\u00e9servatifs, des gants en caoutchouc et du mat\u00e9riel chirurgical. MSI s&#8217;engage \u00e0 travailler avec des fournisseurs qui appr\u00e9cient \u00e0 la fois la qualit\u00e9 de leurs produits et de leurs employ\u00e9s. Pour soutenir cela, nous effectuons une \u00e9valuation des risques pour les fournisseurs avec une d\u00e9pense minimale de 10 000,00 \u00a3 en identifiant les facteurs cl\u00e9s de l&#8217;esclavage moderne par emplacement de fournisseur et par industrie. Ceci est soutenu par des visites dans les locaux des fournisseurs si n\u00e9cessaire.<\/p>\n\n\n\n<p>En 2021, MSI s&#8217;est associ\u00e9 au Mekong Club, une organisation \u00e0 but non lucratif ax\u00e9e sur les pratiques commerciales \u00e9thiques et responsables dans les cha\u00eenes d&#8217;approvisionnement mondiales. Ce partenariat aide MSI \u00e0 \u00e9valuer nos cha\u00eenes d&#8217;approvisionnement, \u00e0 renforcer notre approche de pr\u00e9vention de l&#8217;esclavage moderne et \u00e0 am\u00e9liorer la transparence de nos cha\u00eenes d&#8217;approvisionnement gr\u00e2ce \u00e0 des conseils techniques, des ressources de formation et des conseils sur la l\u00e9gislation et la conformit\u00e9.<\/p>\n\n\n\n<h4 class=\"wp-block-heading\">Formation et Sensibilisation<\/h4>\n\n\n\n<p>La politique anti-esclavagiste est publi\u00e9e sur l&#8217;intranet mondial de MSI. Les managers sont \u00e9galement tenus de s&#8217;assurer que les membres de leur \u00e9quipe adh\u00e8rent au code de conduite, qui comprend les principes cl\u00e9s de la politique anti-esclavagiste. Tout le personnel est \u00e9galement tenu de suivre une formation en ligne sur le Code de conduite, qui couvre l&#8217;approche de MSI face \u00e0 l&#8217;esclavage moderne.<\/p>\n\n\n\n<p>Tout le personnel du bureau d&#8217;assistance mondial de Londres, le personnel des ressources humaines et des achats du programme pays et la haute direction doivent suivre une formation en ligne obligatoire sur la pr\u00e9vention, l&#8217;identification et la r\u00e9ponse aux probl\u00e8mes d&#8217;esclavage moderne au sein des op\u00e9rations et des cha\u00eenes d&#8217;approvisionnement de MSI.<\/p>\n\n\n\n<p>Tout le personnel des achats et de la cha\u00eene d&#8217;approvisionnement du programme national doit suivre une formation sur l&#8217;application des manuels d&#8217;approvisionnement et de cha\u00eene d&#8217;approvisionnement de MSI, qui d\u00e9crivent l&#8217;approche de MSI en mati\u00e8re de pratiques d&#8217;approvisionnement \u00e9thiques, de diligence raisonnable et de r\u00e9duction des risques d&#8217;esclavage moderne dans les cha\u00eenes d&#8217;approvisionnement.<\/p>\n\n\n\n<p>MSI Reproductive Choices UK (qui est la division qui exploite les cliniques de soins de sant\u00e9 MSI au Royaume-Uni) exige que le personnel occupant des postes pertinents suive des niveaux avanc\u00e9s de formation \u00e0 la protection qui int\u00e8grent les probl\u00e8mes soulev\u00e9s par l&#8217;esclavage moderne.<\/p>\n\n\n\n<p>L&#8217;objectif de la formation de MSI est de sensibiliser aux risques de l&#8217;esclavage moderne et de doter le personnel des connaissances et des capacit\u00e9s n\u00e9cessaires pour prendre en compte l&#8217;esclavage moderne dans les pratiques d&#8217;approvisionnement et de recrutement, reconna\u00eetre les signes d&#8217;esclavage moderne et signaler les soup\u00e7ons d&#8217;esclavage moderne.<\/p>\n\n\n\n<h4 class=\"wp-block-heading\">Signalement des pr\u00e9occupations<\/h4>\n\n\n\n<p>Nous reconnaissons l&#8217;importance de rester vigilant pour identifier et r\u00e9soudre les probl\u00e8mes associ\u00e9s \u00e0 l&#8217;esclavage et \u00e0 la traite des \u00eatres humains dans l&#8217;organisation et tout au long de nos cha\u00eenes d&#8217;approvisionnement. La politique anti-esclavagiste, la politique de prise de parole de MSI et le code de conduite des partenaires commerciaux d\u00e9finissent un syst\u00e8me de signalement des probl\u00e8mes pour les employ\u00e9s, les partenaires externes et les fournisseurs. Nous utilisons \u00e9galement une ligne d&#8217;assistance t\u00e9l\u00e9phonique ind\u00e9pendante externe, <a rel=\"noreferrer noopener\" href=\"https:\/\/www.safecall.co.uk\/\" target=\"_blank\">SafeCall<\/a> , par l&#8217;interm\u00e9diaire de laquelle toute mauvaise conduite, y compris les soup\u00e7ons de toute activit\u00e9 pouvant \u00e9quivaloir \u00e0 de l&#8217;esclavage moderne, peut \u00eatre signal\u00e9e de mani\u00e8re confidentielle.<\/p>\n\n\n\n<h4 class=\"wp-block-heading\">Nos engagements<\/h4>\n\n\n\n<p>Nous nous engageons \u00e0 continuer \u00e0 prendre des mesures qui affirment notre approche de tol\u00e9rance z\u00e9ro \u00e0 l&#8217;\u00e9gard de l&#8217;esclavage moderne, et avons d\u00e9fini des KPI dans la section 9 ci-dessous, qui garantissent que nous respectons nos engagements cl\u00e9s. En f\u00e9vrier 2021, nous avons mis \u00e0 jour notre politique de lutte contre l&#8217;esclavage moderne et la traite des \u00eatres humains pour clarifier son impact et renforcer nos processus internes afin de r\u00e9duire le risque d&#8217;esclavage moderne. Tout au long de 2021 et 2022, nous&nbsp;:<\/p>\n\n\n\n<ul class=\"wp-block-list\">\n<li>introduit un nouveau module de formation en ligne sur l&#8217;esclavage moderne pour le personnel mondial, afin d&#8217;assurer une formation coh\u00e9rente sur l&#8217;esclavage moderne et les politiques de MSI, avec des modules sp\u00e9cifiques sur l&#8217;esclavage moderne dans les cha\u00eenes d&#8217;approvisionnement pour le personnel mondial d&#8217;approvisionnement, de cha\u00eene d&#8217;approvisionnement et de logistique&nbsp;;<\/li>\n\n\n\n<li>continuent de dispenser une formation sur l&#8217;esclavage moderne et des conseils sur la diligence raisonnable aux programmes de pays, en les aidant \u00e0 identifier et \u00e0 traiter les zones \u00e0 risque dans leur contexte, en les sensibilisant aux outils et en leur donnant des conseils sur la mani\u00e8re de les utiliser&nbsp;;<\/li>\n\n\n\n<li>\u00e9tabli un exercice am\u00e9lior\u00e9 de cartographie de l&#8217;esclavage moderne, qui attribue \u00e0 notre base d&#8217;approvisionnement les emplacements les plus \u00e0 risque et d\u00e9clenche des visites prioritaires dans les pays et des contr\u00f4les de bonne foi&nbsp;;<\/li>\n\n\n\n<li>mettent en \u0153uvre de nouvelles directives d&#8217;inspection des sites des fournisseurs \u00e0 l&#8217;usage du personnel de la cha\u00eene d&#8217;approvisionnement mondiale et du programme pays de MSI. Cela comprend une liste de contr\u00f4le pour identifier les probl\u00e8mes d&#8217;esclavage moderne et des conseils sur le signalement&nbsp;;<\/li>\n\n\n\n<li>d\u00e9ploient un questionnaire fournisseur am\u00e9lior\u00e9 dans le cadre du processus d&#8217;int\u00e9gration et du programme de remise \u00e0 niveau sur la diligence raisonnable&nbsp;; et<\/li>\n\n\n\n<li>continuent de d\u00e9ployer notre plateforme d&#8217;approvisionnement mondiale pour g\u00e9rer les contrats d&#8217;approvisionnement, la logistique et les demandes d&#8217;approvisionnement mondiaux afin de garantir que les contrats des fournisseurs sont conformes \u00e0 la politique de MSI.<\/li>\n<\/ul>\n\n\n\n<p>Nous continuons \u00e0 participer au Pacte mondial des Nations Unies ( <strong>\u00ab&nbsp;UNGC&nbsp;\u00bb<\/strong> ) en soutien aux dix principes de l&#8217;UNGC relatifs aux droits de l&#8217;homme, y compris le principe d&#8217;\u00e9limination de toutes les formes de travail forc\u00e9 et obligatoire.<\/p>\n\n\n\n<h4 class=\"wp-block-heading\">Indicateurs cl\u00e9s de performance (&#8220;KPI&#8221;)<\/h4>\n\n\n\n<p>Nous avons d\u00e9fini les indicateurs de performance cl\u00e9s suivants pour examiner et \u00e9valuer notre mise en \u0153uvre de notre politique et proc\u00e9dures de lutte contre l&#8217;esclavage moderne et la traite des \u00eatres humains&nbsp;:<\/p>\n\n\n\n<ul class=\"wp-block-list\">\n<li>MSI r\u00e9visera ses politiques, proc\u00e9dures et processus tous les 2 ans pour s&#8217;assurer qu&#8217;ils sont adapt\u00e9s pour atteindre son objectif de tol\u00e9rance z\u00e9ro \u00e0 l&#8217;esclavage moderne<\/li>\n\n\n\n<li>MSI proc\u00e9dera tous les 2 ans \u00e0 une \u00e9valuation des risques de ses fournisseurs mondiaux, comme indiqu\u00e9 \u00e0 la section 5.4, et prendra les mesures appropri\u00e9es en r\u00e9ponse, y compris, le cas \u00e9ch\u00e9ant&nbsp;:\n<ul class=\"wp-block-list\">\n<li>Soutien aux fournisseurs pour reconna\u00eetre et att\u00e9nuer les risques d&#8217;esclavage moderne<\/li>\n\n\n\n<li>Visites de fournisseurs pour identifier les risques op\u00e9rationnels<\/li>\n\n\n\n<li>Examens et mises \u00e0 jour des contrats pour garantir le respect du code de conduite des partenaires commerciaux de MSI<\/li>\n<\/ul>\n<\/li>\n\n\n\n<li>MSI surveillera l&#8217;ach\u00e8vement de la formation par son personnel<\/li>\n\n\n\n<li>MSI surveillera le remplissage du questionnaire fournisseur conform\u00e9ment \u00e0 sa politique mondiale de diligence raisonnable<\/li>\n<\/ul>\n\n\n\n<h4 class=\"wp-block-heading\">Examen<\/h4>\n\n\n\n<p>Cette d\u00e9claration est examin\u00e9e chaque ann\u00e9e par les fiduciaires et mise \u00e0 jour au besoin.<\/p>\n\n\n\n<p>Sign\u00e9 par:<\/p>\n\n\n\n<p><em><strong>Glenda Burkhart<br><\/strong><\/em> Pr\u00e9sidente des administrateurs de MSI Reproductive Choices<br>Date : 30 mai 2022<br><\/p>\n\n\n\n<p><\/p>\n\n\n\n<div class=\"wp-block-buttons is-layout-flex wp-block-buttons-is-layout-flex\">\n<div class=\"wp-block-button\"><a class=\"wp-block-button__link wp-element-button\" href=\"https:\/\/www.msichoices.org\/media\/4450\/2022-05-17-final-modern-slavery-statement-2021-22-signed.pdf\" target=\"_blank\" rel=\"noreferrer noopener\">Voir la copie sign\u00e9e ici<\/a><\/div>\n\n\n\n<div class=\"wp-block-button\"><a class=\"wp-block-button__link wp-element-button\" href=\"https:\/\/www.msichoices.org\/media\/4368\/20210210-modern-slavery-policy-v2-external.pdf\" target=\"_blank\" rel=\"noreferrer noopener\">Lire la politique anti-esclavage moderne de MSI<\/a><\/div>\n<\/div>\n","protected":false},"excerpt":{"rendered":"<p>D\u00e9claration contre l&#8217;esclavage moderne et la traite des \u00eatres humains Introduction Cette d\u00e9claration est faite conform\u00e9ment \u00e0 l&#8217;article 54(1) de la loi de 2015 sur l&#8217;esclavage moderne et constitue notre d\u00e9claration contre l&#8217;esclavage moderne et la traite des \u00eatres humains pour l&#8217;exercice se terminant le 31 d\u00e9cembre 2021 d\u00e9taillant les mesures prises et pr\u00e9vues par [&hellip;]<\/p>\n","protected":false},"author":1,"featured_media":0,"parent":0,"menu_order":0,"comment_status":"closed","ping_status":"closed","template":"","meta":{"_acf_changed":false,"_editorskit_title_hidden":false,"_editorskit_reading_time":0,"_editorskit_is_block_options_detached":false,"_editorskit_block_options_position":"{}","footnotes":""},"class_list":["post-587","page","type-page","status-publish","hentry"],"acf":[],"featured_image_src":null,"featured_image_src_square":null,"_links":{"self":[{"href":"https:\/\/socialnorms.msichoices.org\/fr\/wp-json\/wp\/v2\/pages\/587","targetHints":{"allow":["GET"]}}],"collection":[{"href":"https:\/\/socialnorms.msichoices.org\/fr\/wp-json\/wp\/v2\/pages"}],"about":[{"href":"https:\/\/socialnorms.msichoices.org\/fr\/wp-json\/wp\/v2\/types\/page"}],"author":[{"embeddable":true,"href":"https:\/\/socialnorms.msichoices.org\/fr\/wp-json\/wp\/v2\/users\/1"}],"replies":[{"embeddable":true,"href":"https:\/\/socialnorms.msichoices.org\/fr\/wp-json\/wp\/v2\/comments?post=587"}],"version-history":[{"count":0,"href":"https:\/\/socialnorms.msichoices.org\/fr\/wp-json\/wp\/v2\/pages\/587\/revisions"}],"wp:attachment":[{"href":"https:\/\/socialnorms.msichoices.org\/fr\/wp-json\/wp\/v2\/media?parent=587"}],"curies":[{"name":"wp","href":"https:\/\/api.w.org\/{rel}","templated":true}]}}